{"id":954,"date":"2026-04-12T15:43:46","date_gmt":"2026-04-12T15:43:46","guid":{"rendered":"https:\/\/silk-pajamas.com\/19-momme-mulberry-silk-bra-panty-set-french-cut-black\/"},"modified":"2026-04-16T09:28:29","modified_gmt":"2026-04-16T09:28:29","slug":"19-momme-mulberry-silk-bra-panty-set-french-cut-black","status":"publish","type":"product","link":"https:\/\/silk-pajamas.com\/fr\/19-momme-mulberry-silk-bra-panty-set-french-cut-black\/","title":{"rendered":"19 Momme Mulberry Silk Bra Panty Set French Cut Black"},"content":{"rendered":"<p>Fabriqu\u00e9 avec de la soie de m\u00fbrier de 19 mm, cet ensemble soutien-gorge et culotte offre un toucher doux et respirant et un mouvement \u00e9l\u00e9gant. La coupe \u00e0 la fran\u00e7aise et la couleur noire permettent de conserver un aspect soign\u00e9 pour les assortiments de cadeaux. Disponible en 34B, 36B, 38B, 40C. Laver \u00e0 la main \u00e0 froid ou utiliser un cycle d\u00e9licat.<\/p>","protected":false},"excerpt":{"rendered":"<p>19 Momme Mulberry, ensemble soutien-gorge et culotte en soie de couleur noire. Finition French Cut, toucher respirant et tailles 34B, 36B, 38B, 40C. Con\u00e7u pour les assortiments de cadeaux.<\/p>","protected":false},"featured_media":1215,"template":"","meta":{"_gspb_post_css":""},"product_brand":[],"product_cat":[40],"product_tag":[929,952,951],"class_list":{"0":"post-954","1":"product","2":"type-product","3":"status-publish","4":"has-post-thumbnail","6":"product_cat-silk-bra-panty-sets","7":"product_tag-19-momme-silk-bra-panty-set-black","8":"product_tag-factory-silk-bra-panty-set-for-gift-assortments","9":"product_tag-mulberry-silk-bra-panty-set-french-cut","11":"first","12":"instock","13":"shipping-taxable","14":"purchasable","15":"product-type-simple"},"_links":{"self":[{"href":"https:\/\/silk-pajamas.com\/fr\/wp-json\/wp\/v2\/product\/954","targetHints":{"allow":["GET"]}}],"collection":[{"href":"https:\/\/silk-pajamas.com\/fr\/wp-json\/wp\/v2\/product"}],"about":[{"href":"https:\/\/silk-pajamas.com\/fr\/wp-json\/wp\/v2\/types\/product"}],"wp:featuredmedia":[{"embeddable":true,"href":"https:\/\/silk-pajamas.com\/fr\/wp-json\/wp\/v2\/media\/1215"}],"wp:attachment":[{"href":"https:\/\/silk-pajamas.com\/fr\/wp-json\/wp\/v2\/media?parent=954"}],"wp:term":[{"taxonomy":"product_brand","embeddable":true,"href":"https:\/\/silk-pajamas.com\/fr\/wp-json\/wp\/v2\/product_brand?post=954"},{"taxonomy":"product_cat","embeddable":true,"href":"https:\/\/silk-pajamas.com\/fr\/wp-json\/wp\/v2\/product_cat?post=954"},{"taxonomy":"product_tag","embeddable":true,"href":"https:\/\/silk-pajamas.com\/fr\/wp-json\/wp\/v2\/product_tag?post=954"}],"curies":[{"name":"wp","href":"https:\/\/api.w.org\/{rel}","templated":true}]}}