{"id":956,"date":"2026-04-12T15:43:46","date_gmt":"2026-04-12T15:43:46","guid":{"rendered":"https:\/\/silk-pajamas.com\/22-momme-charmeuse-silk-bralette-set-soft-cup-leopard\/"},"modified":"2026-04-16T09:32:08","modified_gmt":"2026-04-16T09:32:08","slug":"22-momme-charmeuse-silk-bralette-set-soft-cup-leopard","status":"publish","type":"product","link":"https:\/\/silk-pajamas.com\/fr\/22-momme-charmeuse-silk-bralette-set-soft-cup-leopard\/","title":{"rendered":"22 Momme Charmeuse Soie Bralette Soft Cup Leopard"},"content":{"rendered":"<p>Fabriqu\u00e9 \u00e0 partir de 22 momme charmeuse de soie, cet ensemble soutien-gorge et culotte est infroissable, doux au toucher et \u00e9l\u00e9gant dans ses mouvements. La construction souple des bonnets et la couleur l\u00e9opard conf\u00e8rent \u00e0 l'ensemble un look raffin\u00e9 pour la garde-robe de la mari\u00e9e. Disponible en sur mesure. Laver \u00e0 la main \u00e0 froid ou utiliser un cycle d\u00e9licat.<\/p>","protected":false},"excerpt":{"rendered":"<p>22 Ensemble soutien-gorge et culotte en soie Momme Charmeuse, coloris l\u00e9opard. Finition douce des bonnets, toucher infroissable et gamme de tailles sur mesure. Con\u00e7u pour les garde-robes de mari\u00e9es.<\/p>","protected":false},"featured_media":1222,"template":"","meta":{"_gspb_post_css":""},"product_brand":[],"product_cat":[40],"product_tag":[955,956,937],"class_list":{"0":"post-956","1":"product","2":"type-product","3":"status-publish","4":"has-post-thumbnail","6":"product_cat-silk-bra-panty-sets","7":"product_tag-22-momme-silk-bra-panty-set-leopard","8":"product_tag-charmeuse-silk-bra-panty-set-soft-cup","9":"product_tag-factory-silk-bra-panty-set-for-bridal-wardrobes","11":"first","12":"instock","13":"shipping-taxable","14":"purchasable","15":"product-type-simple"},"_links":{"self":[{"href":"https:\/\/silk-pajamas.com\/fr\/wp-json\/wp\/v2\/product\/956","targetHints":{"allow":["GET"]}}],"collection":[{"href":"https:\/\/silk-pajamas.com\/fr\/wp-json\/wp\/v2\/product"}],"about":[{"href":"https:\/\/silk-pajamas.com\/fr\/wp-json\/wp\/v2\/types\/product"}],"wp:featuredmedia":[{"embeddable":true,"href":"https:\/\/silk-pajamas.com\/fr\/wp-json\/wp\/v2\/media\/1222"}],"wp:attachment":[{"href":"https:\/\/silk-pajamas.com\/fr\/wp-json\/wp\/v2\/media?parent=956"}],"wp:term":[{"taxonomy":"product_brand","embeddable":true,"href":"https:\/\/silk-pajamas.com\/fr\/wp-json\/wp\/v2\/product_brand?post=956"},{"taxonomy":"product_cat","embeddable":true,"href":"https:\/\/silk-pajamas.com\/fr\/wp-json\/wp\/v2\/product_cat?post=956"},{"taxonomy":"product_tag","embeddable":true,"href":"https:\/\/silk-pajamas.com\/fr\/wp-json\/wp\/v2\/product_tag?post=956"}],"curies":[{"name":"wp","href":"https:\/\/api.w.org\/{rel}","templated":true}]}}