{"id":957,"date":"2026-04-12T15:43:46","date_gmt":"2026-04-12T15:43:46","guid":{"rendered":"https:\/\/silk-pajamas.com\/22-momme-mulberry-silk-bralette-set-soft-cup-ivory-factory\/"},"modified":"2026-04-16T09:37:18","modified_gmt":"2026-04-16T09:37:18","slug":"22-momme-mulberry-silk-bralette-set-soft-cup-ivory-factory","status":"publish","type":"product","link":"https:\/\/silk-pajamas.com\/fr\/22-momme-mulberry-silk-bralette-set-soft-cup-ivory-factory\/","title":{"rendered":"22 Momme Mulberry Silk Bralette Set Soft Cup Ivory Factory"},"content":{"rendered":"<p>Cet ensemble soutien-gorge et culotte est fabriqu\u00e9 \u00e0 partir de 22 momme de soie de m\u00fbrier dans un ton ivoire. Il se caract\u00e9rise par des bonnets souples, un toucher doux et un drap\u00e9 confortable pour les femmes. Il convient aux tailles 34B, 36B, 38B et 40C et convient parfaitement aux tenues d'\u00e9t\u00e9, aux cadeaux et au confort quotidien. Laver \u00e0 la main \u00e0 froid ou utiliser un cycle d\u00e9licat.<\/p>","protected":false},"excerpt":{"rendered":"<p>22 Momme Mulberry, ensemble soutien-gorge et culotte en soie ivoire. Finition Soft Cup, toucher respirant et tailles 34B, 36B, 38B, 40C. Con\u00e7u pour les femmes.<\/p>","protected":false},"featured_media":1225,"template":"","meta":{"_gspb_post_css":""},"product_brand":[],"product_cat":[40],"product_tag":[957,930,958],"class_list":{"0":"post-957","1":"product","2":"type-product","3":"status-publish","4":"has-post-thumbnail","6":"product_cat-silk-bra-panty-sets","7":"product_tag-22-momme-silk-bra-panty-set-ivory","8":"product_tag-mulberry-silk-bra-panty-set-soft-cup","9":"product_tag-supplier-silk-bra-panty-set-for-women","11":"first","12":"instock","13":"shipping-taxable","14":"purchasable","15":"product-type-simple"},"_links":{"self":[{"href":"https:\/\/silk-pajamas.com\/fr\/wp-json\/wp\/v2\/product\/957","targetHints":{"allow":["GET"]}}],"collection":[{"href":"https:\/\/silk-pajamas.com\/fr\/wp-json\/wp\/v2\/product"}],"about":[{"href":"https:\/\/silk-pajamas.com\/fr\/wp-json\/wp\/v2\/types\/product"}],"wp:featuredmedia":[{"embeddable":true,"href":"https:\/\/silk-pajamas.com\/fr\/wp-json\/wp\/v2\/media\/1225"}],"wp:attachment":[{"href":"https:\/\/silk-pajamas.com\/fr\/wp-json\/wp\/v2\/media?parent=957"}],"wp:term":[{"taxonomy":"product_brand","embeddable":true,"href":"https:\/\/silk-pajamas.com\/fr\/wp-json\/wp\/v2\/product_brand?post=957"},{"taxonomy":"product_cat","embeddable":true,"href":"https:\/\/silk-pajamas.com\/fr\/wp-json\/wp\/v2\/product_cat?post=957"},{"taxonomy":"product_tag","embeddable":true,"href":"https:\/\/silk-pajamas.com\/fr\/wp-json\/wp\/v2\/product_tag?post=957"}],"curies":[{"name":"wp","href":"https:\/\/api.w.org\/{rel}","templated":true}]}}