{"id":958,"date":"2026-04-12T15:43:46","date_gmt":"2026-04-12T15:43:46","guid":{"rendered":"https:\/\/silk-pajamas.com\/22-momme-sandwashed-silk-bralette-set-plus-size-floral\/"},"modified":"2026-04-16T10:28:04","modified_gmt":"2026-04-16T10:28:04","slug":"22-momme-sandwashed-silk-bralette-set-plus-size-floral","status":"publish","type":"product","link":"https:\/\/silk-pajamas.com\/fr\/22-momme-sandwashed-silk-bralette-set-plus-size-floral\/","title":{"rendered":"22 Momme Ensemble bralette en soie cribl\u00e9e Plus Size Floral"},"content":{"rendered":"<p>Cet ensemble soutien-gorge et culotte est r\u00e9alis\u00e9 en 22 momme de soie sabl\u00e9e dans un ton floral. Il est dot\u00e9 de bretelles r\u00e9glables, d'une main douce et d'un drap\u00e9 confortable pour les assortiments de cadeaux. Ce mod\u00e8le convient aux tailles XL, XXL, 3XL et 4XL et convient parfaitement \u00e0 toutes les saisons, aux cadeaux et au confort quotidien. Laver \u00e0 la main \u00e0 froid ou utiliser un cycle d\u00e9licat.<\/p>","protected":false},"excerpt":{"rendered":"<p>22 Momme Sandwashed, ensemble soutien-gorge et culotte en soie florale. Finition avec bretelles r\u00e9glables, sensation de respirabilit\u00e9 et tailles XL, XXL, 3XL, 4XL. Con\u00e7u pour les assortiments de cadeaux.<\/p>","protected":false},"featured_media":1230,"template":"","meta":{"_gspb_post_css":""},"product_brand":[],"product_cat":[40],"product_tag":[959,960,961],"class_list":{"0":"post-958","1":"product","2":"type-product","3":"status-publish","4":"has-post-thumbnail","6":"product_cat-silk-bra-panty-sets","7":"product_tag-22-momme-silk-bra-panty-set-floral","8":"product_tag-sandwashed-silk-bra-panty-set-adjustable-strap","9":"product_tag-vendor-silk-bra-panty-set-for-gift-assortments","11":"first","12":"instock","13":"featured","14":"shipping-taxable","15":"purchasable","16":"product-type-simple"},"_links":{"self":[{"href":"https:\/\/silk-pajamas.com\/fr\/wp-json\/wp\/v2\/product\/958","targetHints":{"allow":["GET"]}}],"collection":[{"href":"https:\/\/silk-pajamas.com\/fr\/wp-json\/wp\/v2\/product"}],"about":[{"href":"https:\/\/silk-pajamas.com\/fr\/wp-json\/wp\/v2\/types\/product"}],"wp:featuredmedia":[{"embeddable":true,"href":"https:\/\/silk-pajamas.com\/fr\/wp-json\/wp\/v2\/media\/1230"}],"wp:attachment":[{"href":"https:\/\/silk-pajamas.com\/fr\/wp-json\/wp\/v2\/media?parent=958"}],"wp:term":[{"taxonomy":"product_brand","embeddable":true,"href":"https:\/\/silk-pajamas.com\/fr\/wp-json\/wp\/v2\/product_brand?post=958"},{"taxonomy":"product_cat","embeddable":true,"href":"https:\/\/silk-pajamas.com\/fr\/wp-json\/wp\/v2\/product_cat?post=958"},{"taxonomy":"product_tag","embeddable":true,"href":"https:\/\/silk-pajamas.com\/fr\/wp-json\/wp\/v2\/product_tag?post=958"}],"curies":[{"name":"wp","href":"https:\/\/api.w.org\/{rel}","templated":true}]}}