{"id":961,"date":"2026-04-12T15:43:46","date_gmt":"2026-04-12T15:43:46","guid":{"rendered":"https:\/\/silk-pajamas.com\/22-momme-mulberry-silk-bra-panty-set-stretch-fit-pearl\/"},"modified":"2026-04-17T01:48:07","modified_gmt":"2026-04-17T01:48:07","slug":"22-momme-mulberry-silk-bra-panty-set-stretch-fit-pearl","status":"publish","type":"product","link":"https:\/\/silk-pajamas.com\/fr\/22-momme-mulberry-silk-bra-panty-set-stretch-fit-pearl\/","title":{"rendered":"22 Momme Mulberry Silk Bra Panty Set Stretch Fit Pearl"},"content":{"rendered":"<p>Fabriqu\u00e9 en soie de m\u00fbrier 22 momme, cet ensemble soutien-gorge et culotte offre un drap\u00e9 lisse, un toucher doux et un mouvement \u00e9l\u00e9gant. La coupe extensible et la couleur perle permettent aux femmes d'avoir un look raffin\u00e9. Disponible en version personnalis\u00e9e. Laver \u00e0 la main \u00e0 froid ou utiliser un cycle d\u00e9licat.<\/p>","protected":false},"excerpt":{"rendered":"<p>22 Momme Mulberry, ensemble soutien-gorge et culotte en soie perl\u00e9e. Finition Stretch Fit, sensation de drap\u00e9 lisse et gamme de tailles sur mesure. Con\u00e7u pour les femmes.<\/p>","protected":false},"featured_media":1165,"template":"","meta":{"_gspb_post_css":""},"product_brand":[],"product_cat":[40],"product_tag":[964,965,966],"class_list":{"0":"post-961","1":"product","2":"type-product","3":"status-publish","4":"has-post-thumbnail","6":"product_cat-silk-bra-panty-sets","7":"product_tag-22-momme-silk-bra-panty-set-pearl","8":"product_tag-mulberry-silk-bra-panty-set-stretch-fit","9":"product_tag-vendor-silk-bra-panty-set-for-women","11":"first","12":"instock","13":"shipping-taxable","14":"purchasable","15":"product-type-simple"},"_links":{"self":[{"href":"https:\/\/silk-pajamas.com\/fr\/wp-json\/wp\/v2\/product\/961","targetHints":{"allow":["GET"]}}],"collection":[{"href":"https:\/\/silk-pajamas.com\/fr\/wp-json\/wp\/v2\/product"}],"about":[{"href":"https:\/\/silk-pajamas.com\/fr\/wp-json\/wp\/v2\/types\/product"}],"wp:featuredmedia":[{"embeddable":true,"href":"https:\/\/silk-pajamas.com\/fr\/wp-json\/wp\/v2\/media\/1165"}],"wp:attachment":[{"href":"https:\/\/silk-pajamas.com\/fr\/wp-json\/wp\/v2\/media?parent=961"}],"wp:term":[{"taxonomy":"product_brand","embeddable":true,"href":"https:\/\/silk-pajamas.com\/fr\/wp-json\/wp\/v2\/product_brand?post=961"},{"taxonomy":"product_cat","embeddable":true,"href":"https:\/\/silk-pajamas.com\/fr\/wp-json\/wp\/v2\/product_cat?post=961"},{"taxonomy":"product_tag","embeddable":true,"href":"https:\/\/silk-pajamas.com\/fr\/wp-json\/wp\/v2\/product_tag?post=961"}],"curies":[{"name":"wp","href":"https:\/\/api.w.org\/{rel}","templated":true}]}}