{"id":963,"date":"2026-04-12T15:43:46","date_gmt":"2026-04-12T15:43:46","guid":{"rendered":"https:\/\/silk-pajamas.com\/19-momme-mulberry-silk-bra-panty-set-soft-cup-rose-supplier\/"},"modified":"2026-04-17T01:49:11","modified_gmt":"2026-04-17T01:49:11","slug":"19-momme-mulberry-silk-bra-panty-set-soft-cup-rose-supplier","status":"publish","type":"product","link":"https:\/\/silk-pajamas.com\/fr\/19-momme-mulberry-silk-bra-panty-set-soft-cup-rose-supplier\/","title":{"rendered":"19 Momme Mulberry Silk Bra Panty Set Soft Cup Rose Supplier"},"content":{"rendered":"<p>Fabriqu\u00e9 avec de la soie de m\u00fbrier de 19 mm, cet ensemble soutien-gorge et culotte offre un toucher doux, une sensation de douceur sur la peau et un mouvement \u00e9l\u00e9gant. Les bonnets souples et la couleur rose pr\u00e9servent l'\u00e9l\u00e9gance de l'ensemble pour les peaux sensibles. Disponible en S, M, L, XL. Laver \u00e0 la main \u00e0 froid ou utiliser un cycle d\u00e9licat.<\/p>","protected":false},"excerpt":{"rendered":"<p>19 Momme Mulberry, ensemble soutien-gorge et culotte en soie rose. Finition Soft Cup, toucher doux et gamme de tailles S, M, L, XL. Con\u00e7u pour les peaux sensibles.<\/p>","protected":false},"featured_media":1166,"template":"","meta":{"_gspb_post_css":""},"product_brand":[],"product_cat":[40],"product_tag":[968,930,969],"class_list":{"0":"post-963","1":"product","2":"type-product","3":"status-publish","4":"has-post-thumbnail","6":"product_cat-silk-bra-panty-sets","7":"product_tag-19-momme-silk-bra-panty-set-rose","8":"product_tag-mulberry-silk-bra-panty-set-soft-cup","9":"product_tag-supplier-silk-bra-panty-set-for-sensitive-skin","11":"first","12":"instock","13":"featured","14":"shipping-taxable","15":"purchasable","16":"product-type-simple"},"_links":{"self":[{"href":"https:\/\/silk-pajamas.com\/fr\/wp-json\/wp\/v2\/product\/963","targetHints":{"allow":["GET"]}}],"collection":[{"href":"https:\/\/silk-pajamas.com\/fr\/wp-json\/wp\/v2\/product"}],"about":[{"href":"https:\/\/silk-pajamas.com\/fr\/wp-json\/wp\/v2\/types\/product"}],"wp:featuredmedia":[{"embeddable":true,"href":"https:\/\/silk-pajamas.com\/fr\/wp-json\/wp\/v2\/media\/1166"}],"wp:attachment":[{"href":"https:\/\/silk-pajamas.com\/fr\/wp-json\/wp\/v2\/media?parent=963"}],"wp:term":[{"taxonomy":"product_brand","embeddable":true,"href":"https:\/\/silk-pajamas.com\/fr\/wp-json\/wp\/v2\/product_brand?post=963"},{"taxonomy":"product_cat","embeddable":true,"href":"https:\/\/silk-pajamas.com\/fr\/wp-json\/wp\/v2\/product_cat?post=963"},{"taxonomy":"product_tag","embeddable":true,"href":"https:\/\/silk-pajamas.com\/fr\/wp-json\/wp\/v2\/product_tag?post=963"}],"curies":[{"name":"wp","href":"https:\/\/api.w.org\/{rel}","templated":true}]}}