{"id":964,"date":"2026-04-12T15:43:47","date_gmt":"2026-04-12T15:43:47","guid":{"rendered":"https:\/\/silk-pajamas.com\/16-momme-charmeuse-silk-bralette-set-lace-trim-emerald\/"},"modified":"2026-04-16T08:24:58","modified_gmt":"2026-04-16T08:24:58","slug":"16-momme-charmeuse-silk-bralette-set-lace-trim-emerald","status":"publish","type":"product","link":"https:\/\/silk-pajamas.com\/fr\/16-momme-charmeuse-silk-bralette-set-lace-trim-emerald\/","title":{"rendered":"16 Momme Charmeuse Silk Bralette Set Lace Trim Emerald"},"content":{"rendered":"<p>Fabriqu\u00e9 en 16 momme charmeuse de soie, cet ensemble soutien-gorge et culotte offre une sensation de l\u00e9g\u00e8ret\u00e9 et de douceur sur la peau et un mouvement \u00e9l\u00e9gant. Les bordures en dentelle et la couleur \u00e9meraude conf\u00e8rent \u00e0 l'ensemble une allure raffin\u00e9e pour les femmes. Disponible en sur mesure. Laver \u00e0 la main \u00e0 froid ou utiliser un cycle d\u00e9licat.<\/p>","protected":false},"excerpt":{"rendered":"<p>16 Ensemble soutien-gorge et culotte en soie Momme Charmeuse, coloris Emeraude. Finition dentelle, l\u00e9g\u00e8ret\u00e9 et taille sur mesure. Con\u00e7u pour les femmes.<\/p>","protected":false},"featured_media":1161,"template":"","meta":{"_gspb_post_css":""},"product_brand":[],"product_cat":[40],"product_tag":[970,936,944],"class_list":{"0":"post-964","1":"product","2":"type-product","3":"status-publish","4":"has-post-thumbnail","6":"product_cat-silk-bra-panty-sets","7":"product_tag-16-momme-silk-bra-panty-set-emerald","8":"product_tag-charmeuse-silk-bra-panty-set-lace-trim","9":"product_tag-factory-silk-bra-panty-set-for-women","11":"first","12":"instock","13":"shipping-taxable","14":"purchasable","15":"product-type-simple"},"_links":{"self":[{"href":"https:\/\/silk-pajamas.com\/fr\/wp-json\/wp\/v2\/product\/964","targetHints":{"allow":["GET"]}}],"collection":[{"href":"https:\/\/silk-pajamas.com\/fr\/wp-json\/wp\/v2\/product"}],"about":[{"href":"https:\/\/silk-pajamas.com\/fr\/wp-json\/wp\/v2\/types\/product"}],"wp:featuredmedia":[{"embeddable":true,"href":"https:\/\/silk-pajamas.com\/fr\/wp-json\/wp\/v2\/media\/1161"}],"wp:attachment":[{"href":"https:\/\/silk-pajamas.com\/fr\/wp-json\/wp\/v2\/media?parent=964"}],"wp:term":[{"taxonomy":"product_brand","embeddable":true,"href":"https:\/\/silk-pajamas.com\/fr\/wp-json\/wp\/v2\/product_brand?post=964"},{"taxonomy":"product_cat","embeddable":true,"href":"https:\/\/silk-pajamas.com\/fr\/wp-json\/wp\/v2\/product_cat?post=964"},{"taxonomy":"product_tag","embeddable":true,"href":"https:\/\/silk-pajamas.com\/fr\/wp-json\/wp\/v2\/product_tag?post=964"}],"curies":[{"name":"wp","href":"https:\/\/api.w.org\/{rel}","templated":true}]}}