{"id":966,"date":"2026-04-12T15:43:47","date_gmt":"2026-04-12T15:43:47","guid":{"rendered":"https:\/\/silk-pajamas.com\/19-momme-charmeuse-silk-bralette-set-french-cut-pearl\/"},"modified":"2026-04-16T08:31:57","modified_gmt":"2026-04-16T08:31:57","slug":"19-momme-charmeuse-silk-bralette-set-french-cut-pearl","status":"publish","type":"product","link":"https:\/\/silk-pajamas.com\/fr\/19-momme-charmeuse-silk-bralette-set-french-cut-pearl\/","title":{"rendered":"19 Momme Ensemble bralette en soie charmeuse perle taille fran\u00e7aise"},"content":{"rendered":"<p>Fabriqu\u00e9 \u00e0 partir de 19 momme charmeuse de soie, cet ensemble soutien-gorge et culotte est respirant, doux au toucher et \u00e9l\u00e9gant au niveau du mouvement. La coupe \u00e0 la fran\u00e7aise et la couleur perle pr\u00e9servent l'\u00e9l\u00e9gance de l'ensemble pour les peaux sensibles. Disponible en S, M, L, XL. Laver \u00e0 la main \u00e0 froid ou utiliser un cycle d\u00e9licat.<\/p>","protected":false},"excerpt":{"rendered":"<p>19 Ensemble soutien-gorge et culotte en soie Momme Charmeuse en perle. Finition French Cut, sensation de respirabilit\u00e9 et gamme de tailles S, M, L, XL. Con\u00e7u pour les peaux sensibles.<\/p>","protected":false},"featured_media":1169,"template":"","meta":{"_gspb_post_css":""},"product_brand":[],"product_cat":[40],"product_tag":[972,927,934],"class_list":{"0":"post-966","1":"product","2":"type-product","3":"status-publish","4":"has-post-thumbnail","6":"product_cat-silk-bra-panty-sets","7":"product_tag-19-momme-silk-bra-panty-set-pearl","8":"product_tag-charmeuse-silk-bra-panty-set-french-cut","9":"product_tag-vendor-silk-bra-panty-set-for-sensitive-skin","11":"first","12":"instock","13":"shipping-taxable","14":"purchasable","15":"product-type-simple"},"_links":{"self":[{"href":"https:\/\/silk-pajamas.com\/fr\/wp-json\/wp\/v2\/product\/966","targetHints":{"allow":["GET"]}}],"collection":[{"href":"https:\/\/silk-pajamas.com\/fr\/wp-json\/wp\/v2\/product"}],"about":[{"href":"https:\/\/silk-pajamas.com\/fr\/wp-json\/wp\/v2\/types\/product"}],"wp:featuredmedia":[{"embeddable":true,"href":"https:\/\/silk-pajamas.com\/fr\/wp-json\/wp\/v2\/media\/1169"}],"wp:attachment":[{"href":"https:\/\/silk-pajamas.com\/fr\/wp-json\/wp\/v2\/media?parent=966"}],"wp:term":[{"taxonomy":"product_brand","embeddable":true,"href":"https:\/\/silk-pajamas.com\/fr\/wp-json\/wp\/v2\/product_brand?post=966"},{"taxonomy":"product_cat","embeddable":true,"href":"https:\/\/silk-pajamas.com\/fr\/wp-json\/wp\/v2\/product_cat?post=966"},{"taxonomy":"product_tag","embeddable":true,"href":"https:\/\/silk-pajamas.com\/fr\/wp-json\/wp\/v2\/product_tag?post=966"}],"curies":[{"name":"wp","href":"https:\/\/api.w.org\/{rel}","templated":true}]}}