{"id":968,"date":"2026-04-12T15:43:47","date_gmt":"2026-04-12T15:43:47","guid":{"rendered":"https:\/\/silk-pajamas.com\/22-momme-sandwashed-silk-thermal-set-rib-knit-leopard\/"},"modified":"2026-04-16T08:35:43","modified_gmt":"2026-04-16T08:35:43","slug":"22-momme-sandwashed-silk-thermal-set-rib-knit-leopard","status":"publish","type":"product","link":"https:\/\/silk-pajamas.com\/fr\/22-momme-sandwashed-silk-thermal-set-rib-knit-leopard\/","title":{"rendered":"22 Momme Ensemble thermique en soie cribl\u00e9e maille c\u00f4tel\u00e9e l\u00e9opard"},"content":{"rendered":"<p>Cette couche de base thermique est fabriqu\u00e9e \u00e0 partir de 22 momme de soie sabl\u00e9e dans un ton l\u00e9opard. Elle se caract\u00e9rise par un tricot c\u00f4tel\u00e9, une sensation de douceur et un drap\u00e9 confortable pour les femmes. Ce mod\u00e8le convient aux tailles XL, XXL, 3XL et 4XL et convient parfaitement \u00e0 toutes les saisons, aux cadeaux et au confort quotidien. Laver \u00e0 la main \u00e0 froid ou utiliser un cycle d\u00e9licat.<\/p>","protected":false},"excerpt":{"rendered":"<p>22 Momme Sandwashed soie thermique couche de base en l\u00e9opard. Finition en tricot c\u00f4tel\u00e9, sensation de l\u00e9g\u00e8ret\u00e9 et gamme de tailles XL, XXL, 3XL, 4XL. Con\u00e7u pour la femme.<\/p>","protected":false},"featured_media":1176,"template":"","meta":{"_gspb_post_css":""},"product_brand":[],"product_cat":[41],"product_tag":[975,976,977],"class_list":{"0":"post-968","1":"product","2":"type-product","3":"status-publish","4":"has-post-thumbnail","6":"product_cat-silk-long-johns","7":"product_tag-22-momme-silk-long-johns-leopard","8":"product_tag-sandwashed-silk-long-johns-rib-knit","9":"product_tag-supplier-silk-long-johns-for-women","11":"first","12":"instock","13":"featured","14":"shipping-taxable","15":"purchasable","16":"product-type-simple"},"_links":{"self":[{"href":"https:\/\/silk-pajamas.com\/fr\/wp-json\/wp\/v2\/product\/968","targetHints":{"allow":["GET"]}}],"collection":[{"href":"https:\/\/silk-pajamas.com\/fr\/wp-json\/wp\/v2\/product"}],"about":[{"href":"https:\/\/silk-pajamas.com\/fr\/wp-json\/wp\/v2\/types\/product"}],"wp:featuredmedia":[{"embeddable":true,"href":"https:\/\/silk-pajamas.com\/fr\/wp-json\/wp\/v2\/media\/1176"}],"wp:attachment":[{"href":"https:\/\/silk-pajamas.com\/fr\/wp-json\/wp\/v2\/media?parent=968"}],"wp:term":[{"taxonomy":"product_brand","embeddable":true,"href":"https:\/\/silk-pajamas.com\/fr\/wp-json\/wp\/v2\/product_brand?post=968"},{"taxonomy":"product_cat","embeddable":true,"href":"https:\/\/silk-pajamas.com\/fr\/wp-json\/wp\/v2\/product_cat?post=968"},{"taxonomy":"product_tag","embeddable":true,"href":"https:\/\/silk-pajamas.com\/fr\/wp-json\/wp\/v2\/product_tag?post=968"}],"curies":[{"name":"wp","href":"https:\/\/api.w.org\/{rel}","templated":true}]}}