{"id":969,"date":"2026-04-12T15:43:47","date_gmt":"2026-04-12T15:43:47","guid":{"rendered":"https:\/\/silk-pajamas.com\/22-momme-mulberry-silk-thermal-set-lightweight-emerald\/"},"modified":"2026-04-16T08:37:25","modified_gmt":"2026-04-16T08:37:25","slug":"22-momme-mulberry-silk-thermal-set-lightweight-emerald","status":"publish","type":"product","link":"https:\/\/silk-pajamas.com\/fr\/22-momme-mulberry-silk-thermal-set-lightweight-emerald\/","title":{"rendered":"22 Momme Ensemble thermique en soie de m\u00fbrier l\u00e9ger \u00c9meraude"},"content":{"rendered":"<p>Fabriqu\u00e9e en 22 momme de soie de m\u00fbrier, cette couche de base thermique allie l\u00e9g\u00e8ret\u00e9, brillance et respirabilit\u00e9. La finition \u00e9meraude lui conf\u00e8re un aspect raffin\u00e9, tandis que les tailles S, M, L et XL permettent de couvrir les besoins essentiels. Convient aux hommes et aux garde-robes de toutes saisons. Laver \u00e0 la main \u00e0 froid ou utiliser un cycle d\u00e9licat.<\/p>","protected":false},"excerpt":{"rendered":"<p>22 Momme Mulberry silk thermal base layer in Emerald. Finition l\u00e9g\u00e8re, sensation de l\u00e9g\u00e8ret\u00e9 et gamme de tailles S, M, L, XL. Con\u00e7u pour les hommes.<\/p>","protected":false},"featured_media":1178,"template":"","meta":{"_gspb_post_css":""},"product_brand":[],"product_cat":[41],"product_tag":[978,980,979],"class_list":{"0":"post-969","1":"product","2":"type-product","3":"status-publish","4":"has-post-thumbnail","6":"product_cat-silk-long-johns","7":"product_tag-22-momme-silk-long-johns-emerald","8":"product_tag-factory-silk-long-johns-for-men","9":"product_tag-mulberry-silk-long-johns-lightweight","11":"first","12":"instock","13":"shipping-taxable","14":"purchasable","15":"product-type-simple"},"_links":{"self":[{"href":"https:\/\/silk-pajamas.com\/fr\/wp-json\/wp\/v2\/product\/969","targetHints":{"allow":["GET"]}}],"collection":[{"href":"https:\/\/silk-pajamas.com\/fr\/wp-json\/wp\/v2\/product"}],"about":[{"href":"https:\/\/silk-pajamas.com\/fr\/wp-json\/wp\/v2\/types\/product"}],"wp:featuredmedia":[{"embeddable":true,"href":"https:\/\/silk-pajamas.com\/fr\/wp-json\/wp\/v2\/media\/1178"}],"wp:attachment":[{"href":"https:\/\/silk-pajamas.com\/fr\/wp-json\/wp\/v2\/media?parent=969"}],"wp:term":[{"taxonomy":"product_brand","embeddable":true,"href":"https:\/\/silk-pajamas.com\/fr\/wp-json\/wp\/v2\/product_brand?post=969"},{"taxonomy":"product_cat","embeddable":true,"href":"https:\/\/silk-pajamas.com\/fr\/wp-json\/wp\/v2\/product_cat?post=969"},{"taxonomy":"product_tag","embeddable":true,"href":"https:\/\/silk-pajamas.com\/fr\/wp-json\/wp\/v2\/product_tag?post=969"}],"curies":[{"name":"wp","href":"https:\/\/api.w.org\/{rel}","templated":true}]}}