{"id":971,"date":"2026-04-12T15:43:47","date_gmt":"2026-04-12T15:43:47","guid":{"rendered":"https:\/\/silk-pajamas.com\/19-momme-stretch-silk-thermal-set-long-sleeve-silver\/"},"modified":"2026-04-16T08:46:54","modified_gmt":"2026-04-16T08:46:54","slug":"19-momme-stretch-silk-thermal-set-long-sleeve-silver","status":"publish","type":"product","link":"https:\/\/silk-pajamas.com\/fr\/19-momme-stretch-silk-thermal-set-long-sleeve-silver\/","title":{"rendered":"19 Momme Ensemble thermique \u00e0 manches longues en soie stretch Silver"},"content":{"rendered":"<p>Fabriqu\u00e9e en soie extensible de 19 mm, cette couche de base thermique offre une thermor\u00e9gulation, un toucher doux et des mouvements \u00e9l\u00e9gants. La construction \u00e0 manches longues et la couleur argent\u00e9e lui conf\u00e8rent un look raffin\u00e9 pour les temps frais. Disponible en M, L, XL, XXL. Laver \u00e0 la main \u00e0 froid ou utiliser un cycle d\u00e9licat.<\/p>","protected":false},"excerpt":{"rendered":"<p>19 Momme Stretch Silk couche de base thermique en soie argent\u00e9e. Finition manches longues, sensation de r\u00e9gulation thermique et tailles M, L, XL, XXL. Con\u00e7ue pour une superposition par temps frais.<\/p>","protected":false},"featured_media":1186,"template":"","meta":{"_gspb_post_css":""},"product_brand":[],"product_cat":[41],"product_tag":[984,982,985],"class_list":{"0":"post-971","1":"product","2":"type-product","3":"status-publish","4":"has-post-thumbnail","6":"product_cat-silk-long-johns","7":"product_tag-19-momme-silk-long-johns-silver","8":"product_tag-stretch-silk-silk-long-johns-long-sleeve","9":"product_tag-supplier-silk-long-johns-for-cool-weather-layering","11":"first","12":"instock","13":"shipping-taxable","14":"purchasable","15":"product-type-simple"},"_links":{"self":[{"href":"https:\/\/silk-pajamas.com\/fr\/wp-json\/wp\/v2\/product\/971","targetHints":{"allow":["GET"]}}],"collection":[{"href":"https:\/\/silk-pajamas.com\/fr\/wp-json\/wp\/v2\/product"}],"about":[{"href":"https:\/\/silk-pajamas.com\/fr\/wp-json\/wp\/v2\/types\/product"}],"wp:featuredmedia":[{"embeddable":true,"href":"https:\/\/silk-pajamas.com\/fr\/wp-json\/wp\/v2\/media\/1186"}],"wp:attachment":[{"href":"https:\/\/silk-pajamas.com\/fr\/wp-json\/wp\/v2\/media?parent=971"}],"wp:term":[{"taxonomy":"product_brand","embeddable":true,"href":"https:\/\/silk-pajamas.com\/fr\/wp-json\/wp\/v2\/product_brand?post=971"},{"taxonomy":"product_cat","embeddable":true,"href":"https:\/\/silk-pajamas.com\/fr\/wp-json\/wp\/v2\/product_cat?post=971"},{"taxonomy":"product_tag","embeddable":true,"href":"https:\/\/silk-pajamas.com\/fr\/wp-json\/wp\/v2\/product_tag?post=971"}],"curies":[{"name":"wp","href":"https:\/\/api.w.org\/{rel}","templated":true}]}}