{"id":972,"date":"2026-04-12T15:43:47","date_gmt":"2026-04-12T15:43:47","guid":{"rendered":"https:\/\/silk-pajamas.com\/19-momme-mulberry-silk-long-johns-crew-neck-pearl-wholesale\/"},"modified":"2026-04-16T08:49:14","modified_gmt":"2026-04-16T08:49:14","slug":"19-momme-mulberry-silk-long-johns-crew-neck-pearl-wholesale","status":"publish","type":"product","link":"https:\/\/silk-pajamas.com\/fr\/19-momme-mulberry-silk-long-johns-crew-neck-pearl-wholesale\/","title":{"rendered":"19 Momme Mulberry Silk Long Johns Crew Neck Pearl Wholesale"},"content":{"rendered":"<p>Cette couche de base thermique est fabriqu\u00e9e \u00e0 partir de 19 momme de soie de m\u00fbrier dans un ton perl\u00e9. Elle pr\u00e9sente une encolure ras du cou, un toucher doux et un drap\u00e9 confortable pour une superposition par temps frais. Ce mod\u00e8le convient aux tailles M, L, XL et XXL et convient parfaitement aux tenues de printemps, aux cadeaux et au confort quotidien. Laver \u00e0 la main \u00e0 froid ou utiliser un cycle d\u00e9licat.<\/p>","protected":false},"excerpt":{"rendered":"<p>19 Momme Mulberry silk thermal base layer in Pearl. Finition col ras du cou, sensation de r\u00e9gulation thermique et gamme de tailles M, L, XL, XXL. Con\u00e7ue pour une superposition par temps frais.<\/p>","protected":false},"featured_media":1192,"template":"","meta":{"_gspb_post_css":""},"product_brand":[],"product_cat":[41],"product_tag":[986,983,987],"class_list":{"0":"post-972","1":"product","2":"type-product","3":"status-publish","4":"has-post-thumbnail","6":"product_cat-silk-long-johns","7":"product_tag-19-momme-silk-long-johns-pearl","8":"product_tag-factory-silk-long-johns-for-cool-weather-layering","9":"product_tag-mulberry-silk-long-johns-crew-neck","11":"first","12":"instock","13":"shipping-taxable","14":"purchasable","15":"product-type-simple"},"_links":{"self":[{"href":"https:\/\/silk-pajamas.com\/fr\/wp-json\/wp\/v2\/product\/972","targetHints":{"allow":["GET"]}}],"collection":[{"href":"https:\/\/silk-pajamas.com\/fr\/wp-json\/wp\/v2\/product"}],"about":[{"href":"https:\/\/silk-pajamas.com\/fr\/wp-json\/wp\/v2\/types\/product"}],"wp:featuredmedia":[{"embeddable":true,"href":"https:\/\/silk-pajamas.com\/fr\/wp-json\/wp\/v2\/media\/1192"}],"wp:attachment":[{"href":"https:\/\/silk-pajamas.com\/fr\/wp-json\/wp\/v2\/media?parent=972"}],"wp:term":[{"taxonomy":"product_brand","embeddable":true,"href":"https:\/\/silk-pajamas.com\/fr\/wp-json\/wp\/v2\/product_brand?post=972"},{"taxonomy":"product_cat","embeddable":true,"href":"https:\/\/silk-pajamas.com\/fr\/wp-json\/wp\/v2\/product_cat?post=972"},{"taxonomy":"product_tag","embeddable":true,"href":"https:\/\/silk-pajamas.com\/fr\/wp-json\/wp\/v2\/product_tag?post=972"}],"curies":[{"name":"wp","href":"https:\/\/api.w.org\/{rel}","templated":true}]}}