{"id":976,"date":"2026-04-12T15:43:47","date_gmt":"2026-04-12T15:43:47","guid":{"rendered":"https:\/\/silk-pajamas.com\/19-momme-charmeuse-silk-thermal-set-thermal-wine-vendor\/"},"modified":"2026-04-16T09:03:32","modified_gmt":"2026-04-16T09:03:32","slug":"19-momme-charmeuse-silk-thermal-set-thermal-wine-vendor","status":"publish","type":"product","link":"https:\/\/silk-pajamas.com\/fr\/19-momme-charmeuse-silk-thermal-set-thermal-wine-vendor\/","title":{"rendered":"19 Momme Charmeuse Silk Thermal Set Thermal Wine Vendor"},"content":{"rendered":"<p>Fabriqu\u00e9e \u00e0 partir de 19 momme charmeuse de soie, cette couche de base thermique offre un drap\u00e9 lisse, un toucher doux et des mouvements \u00e9l\u00e9gants. La construction thermique et la couleur vin permettent aux hommes de rester \u00e9l\u00e9gants. Disponible en M, L, XL, XXL. Laver \u00e0 la main \u00e0 froid ou utiliser un cycle d\u00e9licat.<\/p>","protected":false},"excerpt":{"rendered":"<p>19 Sous-couche thermique en soie Charmeuse de Momme, couleur vin. Finition thermique, sensation de drap\u00e9 doux et gamme de tailles M, L, XL, XXL. Con\u00e7u pour l'homme.<\/p>","protected":false},"featured_media":1207,"template":"","meta":{"_gspb_post_css":""},"product_brand":[],"product_cat":[41],"product_tag":[995,989,996],"class_list":{"0":"post-976","1":"product","2":"type-product","3":"status-publish","4":"has-post-thumbnail","6":"product_cat-silk-long-johns","7":"product_tag-19-momme-silk-long-johns-wine","8":"product_tag-charmeuse-silk-long-johns-thermal","9":"product_tag-manufacturer-silk-long-johns-for-men","11":"first","12":"instock","13":"shipping-taxable","14":"purchasable","15":"product-type-simple"},"_links":{"self":[{"href":"https:\/\/silk-pajamas.com\/fr\/wp-json\/wp\/v2\/product\/976","targetHints":{"allow":["GET"]}}],"collection":[{"href":"https:\/\/silk-pajamas.com\/fr\/wp-json\/wp\/v2\/product"}],"about":[{"href":"https:\/\/silk-pajamas.com\/fr\/wp-json\/wp\/v2\/types\/product"}],"wp:featuredmedia":[{"embeddable":true,"href":"https:\/\/silk-pajamas.com\/fr\/wp-json\/wp\/v2\/media\/1207"}],"wp:attachment":[{"href":"https:\/\/silk-pajamas.com\/fr\/wp-json\/wp\/v2\/media?parent=976"}],"wp:term":[{"taxonomy":"product_brand","embeddable":true,"href":"https:\/\/silk-pajamas.com\/fr\/wp-json\/wp\/v2\/product_brand?post=976"},{"taxonomy":"product_cat","embeddable":true,"href":"https:\/\/silk-pajamas.com\/fr\/wp-json\/wp\/v2\/product_cat?post=976"},{"taxonomy":"product_tag","embeddable":true,"href":"https:\/\/silk-pajamas.com\/fr\/wp-json\/wp\/v2\/product_tag?post=976"}],"curies":[{"name":"wp","href":"https:\/\/api.w.org\/{rel}","templated":true}]}}