{"id":978,"date":"2026-04-12T15:43:48","date_gmt":"2026-04-12T15:43:48","guid":{"rendered":"https:\/\/silk-pajamas.com\/19-momme-mulberry-silk-thermal-set-lightweight-emerald\/"},"modified":"2026-04-16T07:39:51","modified_gmt":"2026-04-16T07:39:51","slug":"19-momme-mulberry-silk-thermal-set-lightweight-emerald","status":"publish","type":"product","link":"https:\/\/silk-pajamas.com\/fr\/19-momme-mulberry-silk-thermal-set-lightweight-emerald\/","title":{"rendered":"19 Momme Ensemble thermique en soie de m\u00fbrier L\u00e9ger \u00c9meraude"},"content":{"rendered":"<p>Fabriqu\u00e9e avec de la soie de m\u00fbrier 19 momme, cette couche de base thermique est respirante, douce au toucher et \u00e9l\u00e9gante au niveau des mouvements. Sa construction l\u00e9g\u00e8re et sa couleur \u00e9meraude lui conf\u00e8rent une allure \u00e9l\u00e9gante par temps frais. Disponible en M, L, XL, XXL. Laver \u00e0 la main \u00e0 froid ou utiliser un cycle d\u00e9licat.<\/p>","protected":false},"excerpt":{"rendered":"<p>19 Momme Mulberry silk thermal base layer in Emerald. Finition l\u00e9g\u00e8re, sensation de respirabilit\u00e9 et gamme de tailles M, L, XL, XXL. Con\u00e7ue pour une superposition par temps frais.<\/p>","protected":false},"featured_media":1144,"template":"","meta":{"_gspb_post_css":""},"product_brand":[],"product_cat":[41],"product_tag":[999,979,985],"class_list":{"0":"post-978","1":"product","2":"type-product","3":"status-publish","4":"has-post-thumbnail","6":"product_cat-silk-long-johns","7":"product_tag-19-momme-silk-long-johns-emerald","8":"product_tag-mulberry-silk-long-johns-lightweight","9":"product_tag-supplier-silk-long-johns-for-cool-weather-layering","11":"first","12":"instock","13":"featured","14":"shipping-taxable","15":"purchasable","16":"product-type-simple"},"_links":{"self":[{"href":"https:\/\/silk-pajamas.com\/fr\/wp-json\/wp\/v2\/product\/978","targetHints":{"allow":["GET"]}}],"collection":[{"href":"https:\/\/silk-pajamas.com\/fr\/wp-json\/wp\/v2\/product"}],"about":[{"href":"https:\/\/silk-pajamas.com\/fr\/wp-json\/wp\/v2\/types\/product"}],"wp:featuredmedia":[{"embeddable":true,"href":"https:\/\/silk-pajamas.com\/fr\/wp-json\/wp\/v2\/media\/1144"}],"wp:attachment":[{"href":"https:\/\/silk-pajamas.com\/fr\/wp-json\/wp\/v2\/media?parent=978"}],"wp:term":[{"taxonomy":"product_brand","embeddable":true,"href":"https:\/\/silk-pajamas.com\/fr\/wp-json\/wp\/v2\/product_brand?post=978"},{"taxonomy":"product_cat","embeddable":true,"href":"https:\/\/silk-pajamas.com\/fr\/wp-json\/wp\/v2\/product_cat?post=978"},{"taxonomy":"product_tag","embeddable":true,"href":"https:\/\/silk-pajamas.com\/fr\/wp-json\/wp\/v2\/product_tag?post=978"}],"curies":[{"name":"wp","href":"https:\/\/api.w.org\/{rel}","templated":true}]}}