{"id":982,"date":"2026-04-12T15:43:48","date_gmt":"2026-04-12T15:43:48","guid":{"rendered":"https:\/\/silk-pajamas.com\/22-momme-sandwashed-silk-thermal-set-lightweight-sage\/"},"modified":"2026-04-16T07:45:20","modified_gmt":"2026-04-16T07:45:20","slug":"22-momme-sandwashed-silk-thermal-set-lightweight-sage","status":"publish","type":"product","link":"https:\/\/silk-pajamas.com\/fr\/22-momme-sandwashed-silk-thermal-set-lightweight-sage\/","title":{"rendered":"22 Momme - Ensemble thermique en soie lav\u00e9e - L\u00e9ger - Sauge"},"content":{"rendered":"<p>Cette couche de base thermique est fabriqu\u00e9e \u00e0 partir de 22 momme de soie tiss\u00e9e dans un ton de sauge. Elle se caract\u00e9rise par sa l\u00e9g\u00e8ret\u00e9, sa douceur et son drap\u00e9 confortable pour les voyages. Ce mod\u00e8le convient aux tailles XL, XXL, 3XL et 4XL et convient parfaitement aux v\u00eatements d'\u00e9t\u00e9, aux cadeaux et au confort quotidien. Laver \u00e0 la main \u00e0 froid ou utiliser un cycle d\u00e9licat.<\/p>","protected":false},"excerpt":{"rendered":"<p>22 Momme Sandwashed silk thermal base layer in Sage. Finition l\u00e9g\u00e8re, sensation de l\u00e9g\u00e8ret\u00e9 et gamme de tailles XL, XXL, 3XL, 4XL. Con\u00e7u pour le voyage.<\/p>","protected":false},"featured_media":1152,"template":"","meta":{"_gspb_post_css":""},"product_brand":[],"product_cat":[41],"product_tag":[1006,1005,1007],"class_list":{"0":"post-982","1":"product","2":"type-product","3":"status-publish","4":"has-post-thumbnail","6":"product_cat-silk-long-johns","7":"product_tag-22-momme-silk-long-johns-sage","8":"product_tag-sandwashed-silk-long-johns-lightweight","9":"product_tag-supplier-silk-long-johns-for-travel-use","11":"first","12":"instock","13":"shipping-taxable","14":"purchasable","15":"product-type-simple"},"_links":{"self":[{"href":"https:\/\/silk-pajamas.com\/fr\/wp-json\/wp\/v2\/product\/982","targetHints":{"allow":["GET"]}}],"collection":[{"href":"https:\/\/silk-pajamas.com\/fr\/wp-json\/wp\/v2\/product"}],"about":[{"href":"https:\/\/silk-pajamas.com\/fr\/wp-json\/wp\/v2\/types\/product"}],"wp:featuredmedia":[{"embeddable":true,"href":"https:\/\/silk-pajamas.com\/fr\/wp-json\/wp\/v2\/media\/1152"}],"wp:attachment":[{"href":"https:\/\/silk-pajamas.com\/fr\/wp-json\/wp\/v2\/media?parent=982"}],"wp:term":[{"taxonomy":"product_brand","embeddable":true,"href":"https:\/\/silk-pajamas.com\/fr\/wp-json\/wp\/v2\/product_brand?post=982"},{"taxonomy":"product_cat","embeddable":true,"href":"https:\/\/silk-pajamas.com\/fr\/wp-json\/wp\/v2\/product_cat?post=982"},{"taxonomy":"product_tag","embeddable":true,"href":"https:\/\/silk-pajamas.com\/fr\/wp-json\/wp\/v2\/product_tag?post=982"}],"curies":[{"name":"wp","href":"https:\/\/api.w.org\/{rel}","templated":true}]}}