{"id":983,"date":"2026-04-12T15:43:48","date_gmt":"2026-04-12T15:43:48","guid":{"rendered":"https:\/\/silk-pajamas.com\/19-momme-mulberry-silk-long-johns-long-sleeve-coffee\/"},"modified":"2026-04-16T08:08:19","modified_gmt":"2026-04-16T08:08:19","slug":"19-momme-mulberry-silk-long-johns-long-sleeve-coffee","status":"publish","type":"product","link":"https:\/\/silk-pajamas.com\/fr\/19-momme-mulberry-silk-long-johns-long-sleeve-coffee\/","title":{"rendered":"19 Momme Mulberry Silk Long Johns Long Sleeve Coffee"},"content":{"rendered":"<p>Cette couche de base thermique est fabriqu\u00e9e \u00e0 partir de 19 momme de soie de m\u00fbrier dans un ton de caf\u00e9. Elle se caract\u00e9rise par des manches longues, un toucher doux et un drap\u00e9 confortable pour les hommes. Ce mod\u00e8le convient aux tailles personnalis\u00e9es et convient parfaitement aux v\u00eatements d'automne, aux cadeaux et au confort quotidien. Laver \u00e0 la main \u00e0 froid ou utiliser un cycle d\u00e9licat.<\/p>","protected":false},"excerpt":{"rendered":"<p>19 Momme Mulberry silk thermal base layer in Coffee. Finition manches longues, sensation de drap\u00e9 doux et gamme de tailles sur mesure. Con\u00e7u pour les hommes.<\/p>","protected":false},"featured_media":1157,"template":"","meta":{"_gspb_post_css":""},"product_brand":[],"product_cat":[41],"product_tag":[1008,996,1009],"class_list":{"0":"post-983","1":"product","2":"type-product","3":"status-publish","4":"has-post-thumbnail","6":"product_cat-silk-long-johns","7":"product_tag-19-momme-silk-long-johns-coffee","8":"product_tag-manufacturer-silk-long-johns-for-men","9":"product_tag-mulberry-silk-long-johns-long-sleeve","11":"first","12":"instock","13":"featured","14":"shipping-taxable","15":"purchasable","16":"product-type-simple"},"_links":{"self":[{"href":"https:\/\/silk-pajamas.com\/fr\/wp-json\/wp\/v2\/product\/983","targetHints":{"allow":["GET"]}}],"collection":[{"href":"https:\/\/silk-pajamas.com\/fr\/wp-json\/wp\/v2\/product"}],"about":[{"href":"https:\/\/silk-pajamas.com\/fr\/wp-json\/wp\/v2\/types\/product"}],"wp:featuredmedia":[{"embeddable":true,"href":"https:\/\/silk-pajamas.com\/fr\/wp-json\/wp\/v2\/media\/1157"}],"wp:attachment":[{"href":"https:\/\/silk-pajamas.com\/fr\/wp-json\/wp\/v2\/media?parent=983"}],"wp:term":[{"taxonomy":"product_brand","embeddable":true,"href":"https:\/\/silk-pajamas.com\/fr\/wp-json\/wp\/v2\/product_brand?post=983"},{"taxonomy":"product_cat","embeddable":true,"href":"https:\/\/silk-pajamas.com\/fr\/wp-json\/wp\/v2\/product_cat?post=983"},{"taxonomy":"product_tag","embeddable":true,"href":"https:\/\/silk-pajamas.com\/fr\/wp-json\/wp\/v2\/product_tag?post=983"}],"curies":[{"name":"wp","href":"https:\/\/api.w.org\/{rel}","templated":true}]}}