{"id":984,"date":"2026-04-12T15:43:49","date_gmt":"2026-04-12T15:43:49","guid":{"rendered":"https:\/\/silk-pajamas.com\/16-momme-charmeuse-silk-long-johns-thermal-silver-factory\/"},"modified":"2026-04-16T07:16:40","modified_gmt":"2026-04-16T07:16:40","slug":"16-momme-charmeuse-silk-long-johns-thermal-silver-factory","status":"publish","type":"product","link":"https:\/\/silk-pajamas.com\/fr\/16-momme-charmeuse-silk-long-johns-thermal-silver-factory\/","title":{"rendered":"16 Momme Charmeuse Soie Long Johns Thermal Silver Factory"},"content":{"rendered":"<p>Fabriqu\u00e9e en 16 momme charmeuse de soie, cette couche de base thermique combine des d\u00e9tails thermiques avec une brillance douce et une sensation respirante. La finition argent\u00e9e lui conf\u00e8re un aspect raffin\u00e9, tandis que les tailles M, L, XL et XXL permettent de couvrir les besoins essentiels. Convient aux femmes et aux garde-robes d'\u00e9t\u00e9. Laver \u00e0 la main \u00e0 froid ou utiliser un cycle d\u00e9licat.<\/p>","protected":false},"excerpt":{"rendered":"<p>16 Sous-couche thermique en soie Momme Charmeuse de couleur argent. Finition thermique, toucher infroissable et tailles M, L, XL, XXL. Con\u00e7u pour la femme.<\/p>","protected":false},"featured_media":1097,"template":"","meta":{"_gspb_post_css":""},"product_brand":[],"product_cat":[41],"product_tag":[997,989,1010],"class_list":{"0":"post-984","1":"product","2":"type-product","3":"status-publish","4":"has-post-thumbnail","6":"product_cat-silk-long-johns","7":"product_tag-16-momme-silk-long-johns-silver","8":"product_tag-charmeuse-silk-long-johns-thermal","9":"product_tag-vendor-silk-long-johns-for-women","11":"first","12":"instock","13":"shipping-taxable","14":"purchasable","15":"product-type-simple"},"_links":{"self":[{"href":"https:\/\/silk-pajamas.com\/fr\/wp-json\/wp\/v2\/product\/984","targetHints":{"allow":["GET"]}}],"collection":[{"href":"https:\/\/silk-pajamas.com\/fr\/wp-json\/wp\/v2\/product"}],"about":[{"href":"https:\/\/silk-pajamas.com\/fr\/wp-json\/wp\/v2\/types\/product"}],"wp:featuredmedia":[{"embeddable":true,"href":"https:\/\/silk-pajamas.com\/fr\/wp-json\/wp\/v2\/media\/1097"}],"wp:attachment":[{"href":"https:\/\/silk-pajamas.com\/fr\/wp-json\/wp\/v2\/media?parent=984"}],"wp:term":[{"taxonomy":"product_brand","embeddable":true,"href":"https:\/\/silk-pajamas.com\/fr\/wp-json\/wp\/v2\/product_brand?post=984"},{"taxonomy":"product_cat","embeddable":true,"href":"https:\/\/silk-pajamas.com\/fr\/wp-json\/wp\/v2\/product_cat?post=984"},{"taxonomy":"product_tag","embeddable":true,"href":"https:\/\/silk-pajamas.com\/fr\/wp-json\/wp\/v2\/product_tag?post=984"}],"curies":[{"name":"wp","href":"https:\/\/api.w.org\/{rel}","templated":true}]}}