{"id":985,"date":"2026-04-12T15:43:49","date_gmt":"2026-04-12T15:43:49","guid":{"rendered":"https:\/\/silk-pajamas.com\/22-momme-sandwashed-silk-thermal-set-long-sleeve-navy\/"},"modified":"2026-04-16T07:18:18","modified_gmt":"2026-04-16T07:18:18","slug":"22-momme-sandwashed-silk-thermal-set-long-sleeve-navy","status":"publish","type":"product","link":"https:\/\/silk-pajamas.com\/fr\/22-momme-sandwashed-silk-thermal-set-long-sleeve-navy\/","title":{"rendered":"22 Momme Ensemble thermique en soie lav\u00e9e manches longues marine"},"content":{"rendered":"<p>Fabriqu\u00e9e avec 22 mommes de soie lav\u00e9e, cette couche de base thermique est l\u00e9g\u00e8re, douce au toucher et \u00e9l\u00e9gante au niveau des mouvements. La construction \u00e0 manches longues et la couleur marine lui conf\u00e8rent une allure \u00e9l\u00e9gante pour les temps frais. Disponible en S, M, L, XL. Laver \u00e0 la main \u00e0 froid ou utiliser un cycle d\u00e9licat.<\/p>","protected":false},"excerpt":{"rendered":"<p>22 Momme Sandwashed silk thermal base layer in Navy. Finition \u00e0 manches longues, sensation de l\u00e9g\u00e8ret\u00e9 et gamme de tailles S, M, L, XL. Con\u00e7ue pour \u00eatre superpos\u00e9e par temps frais.<\/p>","protected":false},"featured_media":1099,"template":"","meta":{"_gspb_post_css":""},"product_brand":[],"product_cat":[41],"product_tag":[1011,1012,985],"class_list":{"0":"post-985","1":"product","2":"type-product","3":"status-publish","4":"has-post-thumbnail","6":"product_cat-silk-long-johns","7":"product_tag-22-momme-silk-long-johns-navy","8":"product_tag-sandwashed-silk-long-johns-long-sleeve","9":"product_tag-supplier-silk-long-johns-for-cool-weather-layering","11":"first","12":"instock","13":"shipping-taxable","14":"purchasable","15":"product-type-simple"},"_links":{"self":[{"href":"https:\/\/silk-pajamas.com\/fr\/wp-json\/wp\/v2\/product\/985","targetHints":{"allow":["GET"]}}],"collection":[{"href":"https:\/\/silk-pajamas.com\/fr\/wp-json\/wp\/v2\/product"}],"about":[{"href":"https:\/\/silk-pajamas.com\/fr\/wp-json\/wp\/v2\/types\/product"}],"wp:featuredmedia":[{"embeddable":true,"href":"https:\/\/silk-pajamas.com\/fr\/wp-json\/wp\/v2\/media\/1099"}],"wp:attachment":[{"href":"https:\/\/silk-pajamas.com\/fr\/wp-json\/wp\/v2\/media?parent=985"}],"wp:term":[{"taxonomy":"product_brand","embeddable":true,"href":"https:\/\/silk-pajamas.com\/fr\/wp-json\/wp\/v2\/product_brand?post=985"},{"taxonomy":"product_cat","embeddable":true,"href":"https:\/\/silk-pajamas.com\/fr\/wp-json\/wp\/v2\/product_cat?post=985"},{"taxonomy":"product_tag","embeddable":true,"href":"https:\/\/silk-pajamas.com\/fr\/wp-json\/wp\/v2\/product_tag?post=985"}],"curies":[{"name":"wp","href":"https:\/\/api.w.org\/{rel}","templated":true}]}}