{"id":986,"date":"2026-04-12T15:43:49","date_gmt":"2026-04-12T15:43:49","guid":{"rendered":"https:\/\/silk-pajamas.com\/19-momme-sandwashed-silk-thermal-set-base-layer-ivory-m-xxl\/"},"modified":"2026-04-16T07:19:58","modified_gmt":"2026-04-16T07:19:58","slug":"19-momme-sandwashed-silk-thermal-set-base-layer-ivory-m-xxl","status":"publish","type":"product","link":"https:\/\/silk-pajamas.com\/fr\/19-momme-sandwashed-silk-thermal-set-base-layer-ivory-m-xxl\/","title":{"rendered":"19 Momme Sandwashed Silk Thermal Set Base Layer Ivory M-XXL"},"content":{"rendered":"<p>Fabriqu\u00e9e \u00e0 partir de 19 mommes de soie lav\u00e9e, cette couche de base thermique est respirante, douce au toucher et \u00e9l\u00e9gante au niveau des mouvements. La construction de la couche de base et la couleur ivoire permettent de conserver un look raffin\u00e9 pour la superposition par temps frais. Disponible en M, L, XL, XXL. Laver \u00e0 la main \u00e0 froid ou utiliser un cycle d\u00e9licat.<\/p>","protected":false},"excerpt":{"rendered":"<p>19 Momme Sandwashed soie thermique couche de base en Ivoire. Finition couche de base, sensation de respirabilit\u00e9 et gamme de tailles M, L, XL, XXL. Con\u00e7ue pour une superposition par temps frais.<\/p>","protected":false},"featured_media":1102,"template":"","meta":{"_gspb_post_css":""},"product_brand":[],"product_cat":[41],"product_tag":[1000,1013,994],"class_list":{"0":"post-986","1":"product","2":"type-product","3":"status-publish","4":"has-post-thumbnail","6":"product_cat-silk-long-johns","7":"product_tag-19-momme-silk-long-johns-ivory","8":"product_tag-manufacturer-silk-long-johns-for-cool-weather-layering","9":"product_tag-sandwashed-silk-long-johns-base-layer","11":"first","12":"instock","13":"shipping-taxable","14":"purchasable","15":"product-type-simple"},"_links":{"self":[{"href":"https:\/\/silk-pajamas.com\/fr\/wp-json\/wp\/v2\/product\/986","targetHints":{"allow":["GET"]}}],"collection":[{"href":"https:\/\/silk-pajamas.com\/fr\/wp-json\/wp\/v2\/product"}],"about":[{"href":"https:\/\/silk-pajamas.com\/fr\/wp-json\/wp\/v2\/types\/product"}],"wp:featuredmedia":[{"embeddable":true,"href":"https:\/\/silk-pajamas.com\/fr\/wp-json\/wp\/v2\/media\/1102"}],"wp:attachment":[{"href":"https:\/\/silk-pajamas.com\/fr\/wp-json\/wp\/v2\/media?parent=986"}],"wp:term":[{"taxonomy":"product_brand","embeddable":true,"href":"https:\/\/silk-pajamas.com\/fr\/wp-json\/wp\/v2\/product_brand?post=986"},{"taxonomy":"product_cat","embeddable":true,"href":"https:\/\/silk-pajamas.com\/fr\/wp-json\/wp\/v2\/product_cat?post=986"},{"taxonomy":"product_tag","embeddable":true,"href":"https:\/\/silk-pajamas.com\/fr\/wp-json\/wp\/v2\/product_tag?post=986"}],"curies":[{"name":"wp","href":"https:\/\/api.w.org\/{rel}","templated":true}]}}