{"id":987,"date":"2026-04-12T15:43:49","date_gmt":"2026-04-12T15:43:49","guid":{"rendered":"https:\/\/silk-pajamas.com\/16-momme-stretch-silk-thermal-set-base-layer-sky-blue\/"},"modified":"2026-04-16T07:21:39","modified_gmt":"2026-04-16T07:21:39","slug":"16-momme-stretch-silk-thermal-set-base-layer-sky-blue","status":"publish","type":"product","link":"https:\/\/silk-pajamas.com\/fr\/16-momme-stretch-silk-thermal-set-base-layer-sky-blue\/","title":{"rendered":"16 Momme Stretch Silk Thermal Set Base Layer Sky Blue"},"content":{"rendered":"<p>Cette couche de base thermique est fabriqu\u00e9e en soie extensible 16 momme dans un ton bleu ciel. Il se compose d'une couche de base, d'un toucher doux et d'un drap\u00e9 confortable pour une superposition par temps frais. Ce mod\u00e8le convient aux tailles S, M, L et XL et convient parfaitement aux tenues d'automne, aux cadeaux et au confort quotidien. Laver \u00e0 la main \u00e0 froid ou utiliser un cycle d\u00e9licat.<\/p>","protected":false},"excerpt":{"rendered":"<p>16 Momme Stretch Silk couche de base thermique en soie en bleu ciel. Finition couche de base, sensation de r\u00e9gulation thermique et gamme de tailles S, M, L, XL. Con\u00e7ue pour une superposition par temps frais.<\/p>","protected":false},"featured_media":1106,"template":"","meta":{"_gspb_post_css":""},"product_brand":[],"product_cat":[41],"product_tag":[1014,1013,1015],"class_list":{"0":"post-987","1":"product","2":"type-product","3":"status-publish","4":"has-post-thumbnail","6":"product_cat-silk-long-johns","7":"product_tag-16-momme-silk-long-johns-sky-blue","8":"product_tag-manufacturer-silk-long-johns-for-cool-weather-layering","9":"product_tag-stretch-silk-silk-long-johns-base-layer","11":"first","12":"instock","13":"shipping-taxable","14":"purchasable","15":"product-type-simple"},"_links":{"self":[{"href":"https:\/\/silk-pajamas.com\/fr\/wp-json\/wp\/v2\/product\/987","targetHints":{"allow":["GET"]}}],"collection":[{"href":"https:\/\/silk-pajamas.com\/fr\/wp-json\/wp\/v2\/product"}],"about":[{"href":"https:\/\/silk-pajamas.com\/fr\/wp-json\/wp\/v2\/types\/product"}],"wp:featuredmedia":[{"embeddable":true,"href":"https:\/\/silk-pajamas.com\/fr\/wp-json\/wp\/v2\/media\/1106"}],"wp:attachment":[{"href":"https:\/\/silk-pajamas.com\/fr\/wp-json\/wp\/v2\/media?parent=987"}],"wp:term":[{"taxonomy":"product_brand","embeddable":true,"href":"https:\/\/silk-pajamas.com\/fr\/wp-json\/wp\/v2\/product_brand?post=987"},{"taxonomy":"product_cat","embeddable":true,"href":"https:\/\/silk-pajamas.com\/fr\/wp-json\/wp\/v2\/product_cat?post=987"},{"taxonomy":"product_tag","embeddable":true,"href":"https:\/\/silk-pajamas.com\/fr\/wp-json\/wp\/v2\/product_tag?post=987"}],"curies":[{"name":"wp","href":"https:\/\/api.w.org\/{rel}","templated":true}]}}