{"id":993,"date":"2026-04-12T15:43:49","date_gmt":"2026-04-12T15:43:49","guid":{"rendered":"https:\/\/silk-pajamas.com\/16-momme-stretch-silk-mulberry-silk-panties-high-rise-navy\/"},"modified":"2026-04-16T07:33:01","modified_gmt":"2026-04-16T07:33:01","slug":"16-momme-stretch-silk-mulberry-silk-panties-high-rise-navy","status":"publish","type":"product","link":"https:\/\/silk-pajamas.com\/fr\/16-momme-stretch-silk-mulberry-silk-panties-high-rise-navy\/","title":{"rendered":"16 Momme Culotte en soie extensible Mulberry Silk High Rise Navy"},"content":{"rendered":"<p>Fabriqu\u00e9 en soie extensible de 16 mm, ce slip en soie est infroissable, doux au toucher et offre un mouvement \u00e9l\u00e9gant. Sa taille haute et sa couleur marine lui conf\u00e8rent une allure \u00e9l\u00e9gante pour un usage quotidien. Disponible en XL, XXL, 3XL, 4XL. Laver \u00e0 la main \u00e0 froid ou utiliser un cycle d\u00e9licat.<\/p>","protected":false},"excerpt":{"rendered":"<p>16 Momme Stretch Silk slip en soie de soie en marine. Finition High Rise, toucher infroissable et gamme de tailles XL, XXL, 3XL, 4XL. Con\u00e7u pour un usage quotidien.<\/p>","protected":false},"featured_media":1127,"template":"","meta":{"_gspb_post_css":""},"product_brand":[],"product_cat":[39],"product_tag":[1026,1027,1028],"class_list":{"0":"post-993","1":"product","2":"type-product","3":"status-publish","4":"has-post-thumbnail","6":"product_cat-silk-panties","7":"product_tag-16-momme-silk-panties-navy","8":"product_tag-stretch-silk-silk-panties-high-rise","9":"product_tag-supplier-silk-panties-for-daily-wear","11":"first","12":"instock","13":"shipping-taxable","14":"purchasable","15":"product-type-simple"},"_links":{"self":[{"href":"https:\/\/silk-pajamas.com\/fr\/wp-json\/wp\/v2\/product\/993","targetHints":{"allow":["GET"]}}],"collection":[{"href":"https:\/\/silk-pajamas.com\/fr\/wp-json\/wp\/v2\/product"}],"about":[{"href":"https:\/\/silk-pajamas.com\/fr\/wp-json\/wp\/v2\/types\/product"}],"wp:featuredmedia":[{"embeddable":true,"href":"https:\/\/silk-pajamas.com\/fr\/wp-json\/wp\/v2\/media\/1127"}],"wp:attachment":[{"href":"https:\/\/silk-pajamas.com\/fr\/wp-json\/wp\/v2\/media?parent=993"}],"wp:term":[{"taxonomy":"product_brand","embeddable":true,"href":"https:\/\/silk-pajamas.com\/fr\/wp-json\/wp\/v2\/product_brand?post=993"},{"taxonomy":"product_cat","embeddable":true,"href":"https:\/\/silk-pajamas.com\/fr\/wp-json\/wp\/v2\/product_cat?post=993"},{"taxonomy":"product_tag","embeddable":true,"href":"https:\/\/silk-pajamas.com\/fr\/wp-json\/wp\/v2\/product_tag?post=993"}],"curies":[{"name":"wp","href":"https:\/\/api.w.org\/{rel}","templated":true}]}}