{"id":994,"date":"2026-04-12T15:43:49","date_gmt":"2026-04-12T15:43:49","guid":{"rendered":"https:\/\/silk-pajamas.com\/16-momme-stretch-silk-mulberry-silk-panties-seamless-rose\/"},"modified":"2026-04-16T07:34:27","modified_gmt":"2026-04-16T07:34:27","slug":"16-momme-stretch-silk-mulberry-silk-panties-seamless-rose","status":"publish","type":"product","link":"https:\/\/silk-pajamas.com\/fr\/16-momme-stretch-silk-mulberry-silk-panties-seamless-rose\/","title":{"rendered":"16 Momme Culotte en soie extensible M\u00fbrier Rose sans couture"},"content":{"rendered":"<p>Cette culotte en soie est fabriqu\u00e9e en soie extensible de 16 mm dans un ton de rose. Il se caract\u00e9rise par une absence de coutures, une sensation de douceur et un drap\u00e9 confortable pour un usage quotidien. Ce mod\u00e8le convient aux tailles XL, XXL, 3XL et 4XL et convient parfaitement aux tenues de printemps, aux cadeaux et au confort quotidien. Laver \u00e0 la main \u00e0 froid ou utiliser un cycle d\u00e9licat.<\/p>","protected":false},"excerpt":{"rendered":"<p>16 Momme Slip en soie stretch en rose. Finition sans couture, sensation de l\u00e9g\u00e8ret\u00e9 et gamme de tailles XL, XXL, 3XL, 4XL. Con\u00e7ue pour un usage quotidien.<\/p>","protected":false},"featured_media":1129,"template":"","meta":{"_gspb_post_css":""},"product_brand":[],"product_cat":[39],"product_tag":[1029,1030,1028],"class_list":{"0":"post-994","1":"product","2":"type-product","3":"status-publish","4":"has-post-thumbnail","6":"product_cat-silk-panties","7":"product_tag-16-momme-silk-panties-rose","8":"product_tag-stretch-silk-silk-panties-seamless","9":"product_tag-supplier-silk-panties-for-daily-wear","11":"first","12":"instock","13":"shipping-taxable","14":"purchasable","15":"product-type-simple"},"_links":{"self":[{"href":"https:\/\/silk-pajamas.com\/fr\/wp-json\/wp\/v2\/product\/994","targetHints":{"allow":["GET"]}}],"collection":[{"href":"https:\/\/silk-pajamas.com\/fr\/wp-json\/wp\/v2\/product"}],"about":[{"href":"https:\/\/silk-pajamas.com\/fr\/wp-json\/wp\/v2\/types\/product"}],"wp:featuredmedia":[{"embeddable":true,"href":"https:\/\/silk-pajamas.com\/fr\/wp-json\/wp\/v2\/media\/1129"}],"wp:attachment":[{"href":"https:\/\/silk-pajamas.com\/fr\/wp-json\/wp\/v2\/media?parent=994"}],"wp:term":[{"taxonomy":"product_brand","embeddable":true,"href":"https:\/\/silk-pajamas.com\/fr\/wp-json\/wp\/v2\/product_brand?post=994"},{"taxonomy":"product_cat","embeddable":true,"href":"https:\/\/silk-pajamas.com\/fr\/wp-json\/wp\/v2\/product_cat?post=994"},{"taxonomy":"product_tag","embeddable":true,"href":"https:\/\/silk-pajamas.com\/fr\/wp-json\/wp\/v2\/product_tag?post=994"}],"curies":[{"name":"wp","href":"https:\/\/api.w.org\/{rel}","templated":true}]}}