{"id":999,"date":"2026-04-12T15:43:50","date_gmt":"2026-04-12T15:43:50","guid":{"rendered":"https:\/\/silk-pajamas.com\/22-momme-stretch-silk-mulberry-silk-panties-lace-trim-silver\/"},"modified":"2026-04-16T06:59:23","modified_gmt":"2026-04-16T06:59:23","slug":"22-momme-stretch-silk-mulberry-silk-panties-lace-trim-silver","status":"publish","type":"product","link":"https:\/\/silk-pajamas.com\/fr\/22-momme-stretch-silk-mulberry-silk-panties-lace-trim-silver\/","title":{"rendered":"22 Momme Culotte en soie Stretch Mulberry Silk Lace Trim Silver"},"content":{"rendered":"<p>Cette culotte en soie est fabriqu\u00e9e \u00e0 partir de 22 momme de soie extensible dans un ton argent\u00e9. Il est orn\u00e9 de dentelle, offre une sensation de douceur et un drap\u00e9 confortable pour les femmes. Ce mod\u00e8le convient aux tailles S, M, L et XL et convient parfaitement \u00e0 toutes les saisons, aux cadeaux et au confort quotidien. Laver \u00e0 la main \u00e0 froid ou utiliser un cycle d\u00e9licat.<\/p>","protected":false},"excerpt":{"rendered":"<p>22 Momme Slip en soie stretch en argent. Finition en dentelle, toucher lisse et drap\u00e9, tailles S, M, L, XL. Con\u00e7u pour la femme.<\/p>","protected":false},"featured_media":1059,"template":"","meta":{"_gspb_post_css":""},"product_brand":[],"product_cat":[39],"product_tag":[1039,1024,1040],"class_list":{"0":"post-999","1":"product","2":"type-product","3":"status-publish","4":"has-post-thumbnail","6":"product_cat-silk-panties","7":"product_tag-22-momme-silk-panties-silver","8":"product_tag-stretch-silk-silk-panties-lace-trim","9":"product_tag-vendor-silk-panties-for-women","11":"first","12":"instock","13":"shipping-taxable","14":"purchasable","15":"product-type-simple"},"_links":{"self":[{"href":"https:\/\/silk-pajamas.com\/fr\/wp-json\/wp\/v2\/product\/999","targetHints":{"allow":["GET"]}}],"collection":[{"href":"https:\/\/silk-pajamas.com\/fr\/wp-json\/wp\/v2\/product"}],"about":[{"href":"https:\/\/silk-pajamas.com\/fr\/wp-json\/wp\/v2\/types\/product"}],"wp:featuredmedia":[{"embeddable":true,"href":"https:\/\/silk-pajamas.com\/fr\/wp-json\/wp\/v2\/media\/1059"}],"wp:attachment":[{"href":"https:\/\/silk-pajamas.com\/fr\/wp-json\/wp\/v2\/media?parent=999"}],"wp:term":[{"taxonomy":"product_brand","embeddable":true,"href":"https:\/\/silk-pajamas.com\/fr\/wp-json\/wp\/v2\/product_brand?post=999"},{"taxonomy":"product_cat","embeddable":true,"href":"https:\/\/silk-pajamas.com\/fr\/wp-json\/wp\/v2\/product_cat?post=999"},{"taxonomy":"product_tag","embeddable":true,"href":"https:\/\/silk-pajamas.com\/fr\/wp-json\/wp\/v2\/product_tag?post=999"}],"curies":[{"name":"wp","href":"https:\/\/api.w.org\/{rel}","templated":true}]}}