{"id":1010,"date":"2026-04-12T15:43:51","date_gmt":"2026-04-12T15:43:51","guid":{"rendered":"https:\/\/silk-pajamas.com\/16-momme-charmeuse-silk-panties-high-rise-champagne\/"},"modified":"2026-04-16T06:42:06","modified_gmt":"2026-04-16T06:42:06","slug":"16-momme-charmeuse-silk-panties-high-rise-champagne","status":"publish","type":"product","link":"https:\/\/silk-pajamas.com\/it\/16-momme-charmeuse-silk-panties-high-rise-champagne\/","title":{"rendered":"16 Mutandine Momme Charmeuse di seta a vita alta Champagne"},"content":{"rendered":"<p>Questo slip in seta \u00e8 realizzato in seta charmeuse 16 momme in tonalit\u00e0 champagne. Presenta un'altezza elevata, una mano morbida e un drappeggio confortevole per l'uso quotidiano. Il modello \u00e8 adatto alle taglie S, M, L, XL e si presta a essere indossato in tutte le stagioni, regalato e indossato quotidianamente. Lavare a mano a freddo o con un ciclo delicato.<\/p>","protected":false},"excerpt":{"rendered":"<p>16 Slip di seta Momme Charmeuse in Champagne. Finitura High Rise, sensazione di morbidezza al tatto e taglia S, M, L, XL. Ideato per essere indossato tutti i giorni.<\/p>","protected":false},"featured_media":1030,"template":"","meta":{"_gspb_post_css":""},"product_brand":[],"product_cat":[39],"product_tag":[1061,1062,1028],"class_list":{"0":"post-1010","1":"product","2":"type-product","3":"status-publish","4":"has-post-thumbnail","6":"product_cat-silk-panties","7":"product_tag-16-momme-silk-panties-champagne","8":"product_tag-charmeuse-silk-panties-high-rise","9":"product_tag-supplier-silk-panties-for-daily-wear","11":"first","12":"instock","13":"featured","14":"shipping-taxable","15":"purchasable","16":"product-type-simple"},"_links":{"self":[{"href":"https:\/\/silk-pajamas.com\/it\/wp-json\/wp\/v2\/product\/1010","targetHints":{"allow":["GET"]}}],"collection":[{"href":"https:\/\/silk-pajamas.com\/it\/wp-json\/wp\/v2\/product"}],"about":[{"href":"https:\/\/silk-pajamas.com\/it\/wp-json\/wp\/v2\/types\/product"}],"wp:featuredmedia":[{"embeddable":true,"href":"https:\/\/silk-pajamas.com\/it\/wp-json\/wp\/v2\/media\/1030"}],"wp:attachment":[{"href":"https:\/\/silk-pajamas.com\/it\/wp-json\/wp\/v2\/media?parent=1010"}],"wp:term":[{"taxonomy":"product_brand","embeddable":true,"href":"https:\/\/silk-pajamas.com\/it\/wp-json\/wp\/v2\/product_brand?post=1010"},{"taxonomy":"product_cat","embeddable":true,"href":"https:\/\/silk-pajamas.com\/it\/wp-json\/wp\/v2\/product_cat?post=1010"},{"taxonomy":"product_tag","embeddable":true,"href":"https:\/\/silk-pajamas.com\/it\/wp-json\/wp\/v2\/product_tag?post=1010"}],"curies":[{"name":"wp","href":"https:\/\/api.w.org\/{rel}","templated":true}]}}