{"id":1012,"date":"2026-04-12T15:43:51","date_gmt":"2026-04-12T15:43:51","guid":{"rendered":"https:\/\/silk-pajamas.com\/22-momme-stretch-silk-mulberry-silk-panties-high-rise-lilac-2\/"},"modified":"2026-04-16T06:45:36","modified_gmt":"2026-04-16T06:45:36","slug":"22-momme-stretch-silk-mulberry-silk-panties-high-rise-lilac-2","status":"publish","type":"product","link":"https:\/\/silk-pajamas.com\/it\/22-momme-stretch-silk-mulberry-silk-panties-high-rise-lilac-2\/","title":{"rendered":"22 Momme Mutandine in seta di gelso elasticizzata a vita alta Lilla"},"content":{"rendered":"<p>Questo slip in seta \u00e8 realizzato in seta elasticizzata 22 momme in tonalit\u00e0 lilla. Presenta un'altezza elevata, una mano morbida e un drappeggio confortevole per l'uso quotidiano. Il modello \u00e8 adatto alle taglie S, M, L, XL e funziona bene per l'abbigliamento estivo, per i regali e per il comfort quotidiano. Lavare a mano a freddo o con un ciclo delicato.<\/p>","protected":false},"excerpt":{"rendered":"<p>22 Slip Momme Stretch Silk in seta lilla. Finitura High Rise, sensazione di resistenza alle rughe e gamma di taglie S, M, L, XL. Ideato per essere indossato tutti i giorni.<\/p>","protected":false},"featured_media":1038,"template":"","meta":{"_gspb_post_css":""},"product_brand":[],"product_cat":[39],"product_tag":[1038,1027,1028],"class_list":{"0":"post-1012","1":"product","2":"type-product","3":"status-publish","4":"has-post-thumbnail","6":"product_cat-silk-panties","7":"product_tag-22-momme-silk-panties-lilac","8":"product_tag-stretch-silk-silk-panties-high-rise","9":"product_tag-supplier-silk-panties-for-daily-wear","11":"first","12":"instock","13":"shipping-taxable","14":"purchasable","15":"product-type-simple"},"_links":{"self":[{"href":"https:\/\/silk-pajamas.com\/it\/wp-json\/wp\/v2\/product\/1012","targetHints":{"allow":["GET"]}}],"collection":[{"href":"https:\/\/silk-pajamas.com\/it\/wp-json\/wp\/v2\/product"}],"about":[{"href":"https:\/\/silk-pajamas.com\/it\/wp-json\/wp\/v2\/types\/product"}],"wp:featuredmedia":[{"embeddable":true,"href":"https:\/\/silk-pajamas.com\/it\/wp-json\/wp\/v2\/media\/1038"}],"wp:attachment":[{"href":"https:\/\/silk-pajamas.com\/it\/wp-json\/wp\/v2\/media?parent=1012"}],"wp:term":[{"taxonomy":"product_brand","embeddable":true,"href":"https:\/\/silk-pajamas.com\/it\/wp-json\/wp\/v2\/product_brand?post=1012"},{"taxonomy":"product_cat","embeddable":true,"href":"https:\/\/silk-pajamas.com\/it\/wp-json\/wp\/v2\/product_cat?post=1012"},{"taxonomy":"product_tag","embeddable":true,"href":"https:\/\/silk-pajamas.com\/it\/wp-json\/wp\/v2\/product_tag?post=1012"}],"curies":[{"name":"wp","href":"https:\/\/api.w.org\/{rel}","templated":true}]}}