{"id":1014,"date":"2026-04-12T15:43:51","date_gmt":"2026-04-12T15:43:51","guid":{"rendered":"https:\/\/silk-pajamas.com\/22-momme-sandwashed-silk-panties-seamless-sky-blue\/"},"modified":"2026-04-16T06:49:32","modified_gmt":"2026-04-16T06:49:32","slug":"22-momme-sandwashed-silk-panties-seamless-sky-blue","status":"publish","type":"product","link":"https:\/\/silk-pajamas.com\/it\/22-momme-sandwashed-silk-panties-seamless-sky-blue\/","title":{"rendered":"22 Momme Mutandine in seta senza cuciture Blu cielo"},"content":{"rendered":"<p>Questo slip in seta \u00e8 realizzato in seta 22 momme sandwashed in tonalit\u00e0 blu cielo. \u00c8 privo di cuciture, ha una mano liscia e un drappeggio confortevole per le donne. Questo modello \u00e8 adatto alle taglie M, L, XL e XXL e si presta bene per essere indossato in primavera, regalato e indossato quotidianamente. Lavare a mano a freddo o con un ciclo delicato.<\/p>","protected":false},"excerpt":{"rendered":"<p>22 Slip in seta Momme Sandwashed in Sky Blue. Finitura senza cuciture, sensazione di termoregolazione e gamma di taglie M, L, XL, XXL. Ideato per le donne.<\/p>","protected":false},"featured_media":1041,"template":"","meta":{"_gspb_post_css":""},"product_brand":[],"product_cat":[39],"product_tag":[1064,1065,1042],"class_list":{"0":"post-1014","1":"product","2":"type-product","3":"status-publish","4":"has-post-thumbnail","6":"product_cat-silk-panties","7":"product_tag-22-momme-silk-panties-sky-blue","8":"product_tag-sandwashed-silk-panties-seamless","9":"product_tag-wholesale-silk-panties-for-women","11":"first","12":"instock","13":"shipping-taxable","14":"purchasable","15":"product-type-simple"},"_links":{"self":[{"href":"https:\/\/silk-pajamas.com\/it\/wp-json\/wp\/v2\/product\/1014","targetHints":{"allow":["GET"]}}],"collection":[{"href":"https:\/\/silk-pajamas.com\/it\/wp-json\/wp\/v2\/product"}],"about":[{"href":"https:\/\/silk-pajamas.com\/it\/wp-json\/wp\/v2\/types\/product"}],"wp:featuredmedia":[{"embeddable":true,"href":"https:\/\/silk-pajamas.com\/it\/wp-json\/wp\/v2\/media\/1041"}],"wp:attachment":[{"href":"https:\/\/silk-pajamas.com\/it\/wp-json\/wp\/v2\/media?parent=1014"}],"wp:term":[{"taxonomy":"product_brand","embeddable":true,"href":"https:\/\/silk-pajamas.com\/it\/wp-json\/wp\/v2\/product_brand?post=1014"},{"taxonomy":"product_cat","embeddable":true,"href":"https:\/\/silk-pajamas.com\/it\/wp-json\/wp\/v2\/product_cat?post=1014"},{"taxonomy":"product_tag","embeddable":true,"href":"https:\/\/silk-pajamas.com\/it\/wp-json\/wp\/v2\/product_tag?post=1014"}],"curies":[{"name":"wp","href":"https:\/\/api.w.org\/{rel}","templated":true}]}}