{"id":546,"date":"2026-04-12T15:43:01","date_gmt":"2026-04-12T15:43:01","guid":{"rendered":"https:\/\/silk-pajamas.com\/19-momme-mulberry-silk-camisole-set-adjustable-strap-navy\/"},"modified":"2026-05-09T10:20:04","modified_gmt":"2026-05-09T10:20:04","slug":"19-momme-mulberry-silk-camisole-set-adjustable-strap-navy","status":"publish","type":"product","link":"https:\/\/silk-pajamas.com\/it\/19-momme-mulberry-silk-camisole-set-adjustable-strap-navy\/","title":{"rendered":"19 Momme Set di canottiere in seta di gelso con cinturino regolabile Navy"},"content":{"rendered":"<p>Questo set da notte a due pezzi \u00e8 realizzato in seta di gelso 19 momme in tonalit\u00e0 navy. \u00c8 dotato di cinturino regolabile, mano liscia e drappeggio confortevole per il guardaroba da sposa. Il modello \u00e8 adatto alle taglie S, M, L, XL e pu\u00f2 essere indossato in tutte le stagioni, regalato e indossato quotidianamente. Lavare a mano a freddo o con un ciclo delicato.<\/p>","protected":false},"excerpt":{"rendered":"<p>19 Set da notte a due pezzi in seta di gelso di Momme nel colore navy. Finitura con cinturino regolabile, sensazione di resistenza alle rughe e gamma di taglie S, M, L, XL. Progettato per il guardaroba della sposa.<\/p>","protected":false},"featured_media":2552,"template":"","meta":{"_gspb_post_css":""},"product_brand":[],"product_cat":[22],"product_tag":[77,68,61],"class_list":{"0":"post-546","1":"product","2":"type-product","3":"status-publish","4":"has-post-thumbnail","6":"product_cat-silk-camisole-sets","7":"product_tag-19-momme-silk-camisole-set-navy","8":"product_tag-mulberry-silk-camisole-set-adjustable-strap","9":"product_tag-vendor-silk-camisole-set-for-bridal-wardrobes","11":"first","12":"instock","13":"shipping-taxable","14":"purchasable","15":"product-type-simple"},"_links":{"self":[{"href":"https:\/\/silk-pajamas.com\/it\/wp-json\/wp\/v2\/product\/546","targetHints":{"allow":["GET"]}}],"collection":[{"href":"https:\/\/silk-pajamas.com\/it\/wp-json\/wp\/v2\/product"}],"about":[{"href":"https:\/\/silk-pajamas.com\/it\/wp-json\/wp\/v2\/types\/product"}],"wp:featuredmedia":[{"embeddable":true,"href":"https:\/\/silk-pajamas.com\/it\/wp-json\/wp\/v2\/media\/2552"}],"wp:attachment":[{"href":"https:\/\/silk-pajamas.com\/it\/wp-json\/wp\/v2\/media?parent=546"}],"wp:term":[{"taxonomy":"product_brand","embeddable":true,"href":"https:\/\/silk-pajamas.com\/it\/wp-json\/wp\/v2\/product_brand?post=546"},{"taxonomy":"product_cat","embeddable":true,"href":"https:\/\/silk-pajamas.com\/it\/wp-json\/wp\/v2\/product_cat?post=546"},{"taxonomy":"product_tag","embeddable":true,"href":"https:\/\/silk-pajamas.com\/it\/wp-json\/wp\/v2\/product_tag?post=546"}],"curies":[{"name":"wp","href":"https:\/\/api.w.org\/{rel}","templated":true}]}}