{"id":571,"date":"2026-04-12T15:43:07","date_gmt":"2026-04-12T15:43:07","guid":{"rendered":"https:\/\/silk-pajamas.com\/25-momme-mulberry-silk-nightgown-adjustable-strap-pearl\/"},"modified":"2026-05-09T09:15:12","modified_gmt":"2026-05-09T09:15:12","slug":"25-momme-mulberry-silk-nightgown-adjustable-strap-pearl","status":"publish","type":"product","link":"https:\/\/silk-pajamas.com\/it\/25-momme-mulberry-silk-nightgown-adjustable-strap-pearl\/","title":{"rendered":"25 Momme Camicia da notte in seta di gelso con cinturino regolabile e perla"},"content":{"rendered":"<p>Questa camicia da notte stile sottoveste \u00e8 realizzata in seta di gelso 25 momme in tonalit\u00e0 perla. \u00c8 dotata di un cinturino regolabile, di una mano liscia e di un drappeggio confortevole per gli assortimenti regalo. Lo stile \u00e8 adatto alle taglie XS, S, M, L, XL e funziona bene per tutte le stagioni, per i regali e per il comfort quotidiano. Lavare a mano a freddo o con un ciclo delicato.<\/p>","protected":false},"excerpt":{"rendered":"<p>25 Camicia da notte stile sottoveste in seta di Momme Mulberry, color perla. Finitura con cinturino regolabile, sensazione di morbidezza al tatto e gamma di taglie XS, S, M, L, XL. Progettata per gli assortimenti regalo.<\/p>","protected":false},"featured_media":2467,"template":"","meta":{"_gspb_post_css":""},"product_brand":[],"product_cat":[21],"product_tag":[131,133,132],"class_list":{"0":"post-571","1":"product","2":"type-product","3":"status-publish","4":"has-post-thumbnail","6":"product_cat-silk-nightgowns","7":"product_tag-25-momme-silk-nightgown-pearl","8":"product_tag-manufacturer-silk-nightgown-for-gift-assortments","9":"product_tag-mulberry-silk-nightgown-adjustable-strap","11":"first","12":"instock","13":"featured","14":"shipping-taxable","15":"purchasable","16":"product-type-simple"},"_links":{"self":[{"href":"https:\/\/silk-pajamas.com\/it\/wp-json\/wp\/v2\/product\/571","targetHints":{"allow":["GET"]}}],"collection":[{"href":"https:\/\/silk-pajamas.com\/it\/wp-json\/wp\/v2\/product"}],"about":[{"href":"https:\/\/silk-pajamas.com\/it\/wp-json\/wp\/v2\/types\/product"}],"wp:featuredmedia":[{"embeddable":true,"href":"https:\/\/silk-pajamas.com\/it\/wp-json\/wp\/v2\/media\/2467"}],"wp:attachment":[{"href":"https:\/\/silk-pajamas.com\/it\/wp-json\/wp\/v2\/media?parent=571"}],"wp:term":[{"taxonomy":"product_brand","embeddable":true,"href":"https:\/\/silk-pajamas.com\/it\/wp-json\/wp\/v2\/product_brand?post=571"},{"taxonomy":"product_cat","embeddable":true,"href":"https:\/\/silk-pajamas.com\/it\/wp-json\/wp\/v2\/product_cat?post=571"},{"taxonomy":"product_tag","embeddable":true,"href":"https:\/\/silk-pajamas.com\/it\/wp-json\/wp\/v2\/product_tag?post=571"}],"curies":[{"name":"wp","href":"https:\/\/api.w.org\/{rel}","templated":true}]}}