{"id":582,"date":"2026-04-12T15:43:07","date_gmt":"2026-04-12T15:43:07","guid":{"rendered":"https:\/\/silk-pajamas.com\/25-momme-mulberry-silk-slip-nightgown-lace-trim-black\/"},"modified":"2026-05-09T09:32:03","modified_gmt":"2026-05-09T09:32:03","slug":"25-momme-mulberry-silk-slip-nightgown-lace-trim-black","status":"publish","type":"product","link":"https:\/\/silk-pajamas.com\/it\/25-momme-mulberry-silk-slip-nightgown-lace-trim-black\/","title":{"rendered":"25 Momme Camicia da notte in seta di gelso con pizzo nero"},"content":{"rendered":"<p>Questa camicia da notte stile sottoveste \u00e8 realizzata in seta di gelso 25 momme in tonalit\u00e0 nera. Presenta finiture in pizzo, una mano liscia e un drappeggio confortevole per il guardaroba da sposa. Il modello \u00e8 adatto alle taglie XS, S, M, L, XL e funziona bene per l'abbigliamento estivo, per i regali e per il comfort quotidiano. Lavare a mano a freddo o con un ciclo delicato.<\/p>","protected":false},"excerpt":{"rendered":"<p>25 Camicia da notte stile sottoveste in seta Momme Mulberry in nero. Finitura in pizzo, sensazione di resistenza alle pieghe e gamma di taglie XS, S, M, L, XL. Ideata per il guardaroba della sposa.<\/p>","protected":false},"featured_media":2503,"template":"","meta":{"_gspb_post_css":""},"product_brand":[],"product_cat":[21],"product_tag":[158,160,159],"class_list":{"0":"post-582","1":"product","2":"type-product","3":"status-publish","4":"has-post-thumbnail","6":"product_cat-silk-nightgowns","7":"product_tag-25-momme-silk-nightgown-black","8":"product_tag-factory-silk-nightgown-for-bridal-wardrobes","9":"product_tag-mulberry-silk-nightgown-lace-trim","11":"first","12":"instock","13":"shipping-taxable","14":"purchasable","15":"product-type-simple"},"_links":{"self":[{"href":"https:\/\/silk-pajamas.com\/it\/wp-json\/wp\/v2\/product\/582","targetHints":{"allow":["GET"]}}],"collection":[{"href":"https:\/\/silk-pajamas.com\/it\/wp-json\/wp\/v2\/product"}],"about":[{"href":"https:\/\/silk-pajamas.com\/it\/wp-json\/wp\/v2\/types\/product"}],"wp:featuredmedia":[{"embeddable":true,"href":"https:\/\/silk-pajamas.com\/it\/wp-json\/wp\/v2\/media\/2503"}],"wp:attachment":[{"href":"https:\/\/silk-pajamas.com\/it\/wp-json\/wp\/v2\/media?parent=582"}],"wp:term":[{"taxonomy":"product_brand","embeddable":true,"href":"https:\/\/silk-pajamas.com\/it\/wp-json\/wp\/v2\/product_brand?post=582"},{"taxonomy":"product_cat","embeddable":true,"href":"https:\/\/silk-pajamas.com\/it\/wp-json\/wp\/v2\/product_cat?post=582"},{"taxonomy":"product_tag","embeddable":true,"href":"https:\/\/silk-pajamas.com\/it\/wp-json\/wp\/v2\/product_tag?post=582"}],"curies":[{"name":"wp","href":"https:\/\/api.w.org\/{rel}","templated":true}]}}