{"id":589,"date":"2026-04-12T15:43:08","date_gmt":"2026-04-12T15:43:08","guid":{"rendered":"https:\/\/silk-pajamas.com\/16-momme-charmeuse-silk-nightgown-midi-pearl-wholesale\/"},"modified":"2026-05-09T09:07:13","modified_gmt":"2026-05-09T09:07:13","slug":"16-momme-charmeuse-silk-nightgown-midi-pearl-wholesale","status":"publish","type":"product","link":"https:\/\/silk-pajamas.com\/it\/16-momme-charmeuse-silk-nightgown-midi-pearl-wholesale\/","title":{"rendered":"16 Momme Charmeuse camicia da notte in seta Midi Pearl all'ingrosso"},"content":{"rendered":"<p>Questa camicia da notte stile sottoveste \u00e8 realizzata in seta charmeuse 16 momme in tonalit\u00e0 perla. Presenta una vestibilit\u00e0 midi, una mano morbida e un drappeggio confortevole per le donne. Il modello \u00e8 adatto alle taglie S, M, L, XL, XXL e si presta bene a essere indossato in primavera, regalato o indossato quotidianamente. Lavare a mano a freddo o con un ciclo delicato.<\/p>","protected":false},"excerpt":{"rendered":"<p>16 Camicia da notte stile sottoveste in seta Momme Charmeuse, color perla. Finitura midi, sensazione di leggerezza e gamma di taglie S, M, L, XL, XXL. Progettata per le donne.<\/p>","protected":false},"featured_media":2467,"template":"","meta":{"_gspb_post_css":""},"product_brand":[],"product_cat":[21],"product_tag":[172,151,139],"class_list":{"0":"post-589","1":"product","2":"type-product","3":"status-publish","4":"has-post-thumbnail","6":"product_cat-silk-nightgowns","7":"product_tag-16-momme-silk-nightgown-pearl","8":"product_tag-charmeuse-silk-nightgown-midi","9":"product_tag-factory-silk-nightgown-for-women","11":"first","12":"instock","13":"shipping-taxable","14":"purchasable","15":"product-type-simple"},"_links":{"self":[{"href":"https:\/\/silk-pajamas.com\/it\/wp-json\/wp\/v2\/product\/589","targetHints":{"allow":["GET"]}}],"collection":[{"href":"https:\/\/silk-pajamas.com\/it\/wp-json\/wp\/v2\/product"}],"about":[{"href":"https:\/\/silk-pajamas.com\/it\/wp-json\/wp\/v2\/types\/product"}],"wp:featuredmedia":[{"embeddable":true,"href":"https:\/\/silk-pajamas.com\/it\/wp-json\/wp\/v2\/media\/2467"}],"wp:attachment":[{"href":"https:\/\/silk-pajamas.com\/it\/wp-json\/wp\/v2\/media?parent=589"}],"wp:term":[{"taxonomy":"product_brand","embeddable":true,"href":"https:\/\/silk-pajamas.com\/it\/wp-json\/wp\/v2\/product_brand?post=589"},{"taxonomy":"product_cat","embeddable":true,"href":"https:\/\/silk-pajamas.com\/it\/wp-json\/wp\/v2\/product_cat?post=589"},{"taxonomy":"product_tag","embeddable":true,"href":"https:\/\/silk-pajamas.com\/it\/wp-json\/wp\/v2\/product_tag?post=589"}],"curies":[{"name":"wp","href":"https:\/\/api.w.org\/{rel}","templated":true}]}}