{"id":590,"date":"2026-04-12T15:43:08","date_gmt":"2026-04-12T15:43:08","guid":{"rendered":"https:\/\/silk-pajamas.com\/25-momme-crepe-silk-slip-nightgown-maxi-floral-supplier\/"},"modified":"2026-05-09T09:08:36","modified_gmt":"2026-05-09T09:08:36","slug":"25-momme-crepe-silk-slip-nightgown-maxi-floral-supplier","status":"publish","type":"product","link":"https:\/\/silk-pajamas.com\/it\/25-momme-crepe-silk-slip-nightgown-maxi-floral-supplier\/","title":{"rendered":"25 Momme Crepe Silk Slip Nightgown Maxi Floral Supplier"},"content":{"rendered":"<p>Questa camicia da notte stile sottoveste \u00e8 realizzata in seta crepe 25 momme in una tonalit\u00e0 floreale. \u00c8 maxi, ha una mano liscia e un drappeggio confortevole per gli assortimenti regalo. Lo stile supporta le taglie Custom e funziona bene per l'abbigliamento autunnale, i regali e il comfort quotidiano. Lavare a mano a freddo o con un ciclo delicato.<\/p>","protected":false},"excerpt":{"rendered":"<p>25 Camicia da notte stile sottoveste in crepe di seta di Momme in versione floreale. Finitura maxi, sensazione di leggerezza e gamma di taglie personalizzate. Pensata per gli assortimenti regalo.<\/p>","protected":false},"featured_media":2471,"template":"","meta":{"_gspb_post_css":""},"product_brand":[],"product_cat":[21],"product_tag":[173,174,175],"class_list":{"0":"post-590","1":"product","2":"type-product","3":"status-publish","4":"has-post-thumbnail","6":"product_cat-silk-nightgowns","7":"product_tag-25-momme-silk-nightgown-floral","8":"product_tag-crepe-silk-nightgown-maxi","9":"product_tag-wholesale-silk-nightgown-for-gift-assortments","11":"first","12":"instock","13":"shipping-taxable","14":"purchasable","15":"product-type-simple"},"_links":{"self":[{"href":"https:\/\/silk-pajamas.com\/it\/wp-json\/wp\/v2\/product\/590","targetHints":{"allow":["GET"]}}],"collection":[{"href":"https:\/\/silk-pajamas.com\/it\/wp-json\/wp\/v2\/product"}],"about":[{"href":"https:\/\/silk-pajamas.com\/it\/wp-json\/wp\/v2\/types\/product"}],"wp:featuredmedia":[{"embeddable":true,"href":"https:\/\/silk-pajamas.com\/it\/wp-json\/wp\/v2\/media\/2471"}],"wp:attachment":[{"href":"https:\/\/silk-pajamas.com\/it\/wp-json\/wp\/v2\/media?parent=590"}],"wp:term":[{"taxonomy":"product_brand","embeddable":true,"href":"https:\/\/silk-pajamas.com\/it\/wp-json\/wp\/v2\/product_brand?post=590"},{"taxonomy":"product_cat","embeddable":true,"href":"https:\/\/silk-pajamas.com\/it\/wp-json\/wp\/v2\/product_cat?post=590"},{"taxonomy":"product_tag","embeddable":true,"href":"https:\/\/silk-pajamas.com\/it\/wp-json\/wp\/v2\/product_tag?post=590"}],"curies":[{"name":"wp","href":"https:\/\/api.w.org\/{rel}","templated":true}]}}