{"id":599,"date":"2026-04-12T15:43:09","date_gmt":"2026-04-12T15:43:09","guid":{"rendered":"https:\/\/silk-pajamas.com\/25-momme-mulberry-silk-pajamas-long-sleeve-coffee\/"},"modified":"2026-05-09T08:51:04","modified_gmt":"2026-05-09T08:51:04","slug":"25-momme-mulberry-silk-pajamas-long-sleeve-coffee","status":"publish","type":"product","link":"https:\/\/silk-pajamas.com\/it\/25-momme-mulberry-silk-pajamas-long-sleeve-coffee\/","title":{"rendered":"25 Momme Pigiama in seta di gelso a maniche lunghe Caff\u00e8"},"content":{"rendered":"<p>Questo classico set da pigiama \u00e8 realizzato in seta di gelso 25 momme in tonalit\u00e0 caff\u00e8. \u00c8 caratterizzato da maniche lunghe, mano liscia e drappeggio confortevole per donne e uomini. Il modello \u00e8 adatto alle taglie XL, XXL, 3XL e 4XL e si presta a essere indossato in tutte le stagioni, regalato e indossato quotidianamente. Lavare a mano a freddo o con un ciclo delicato.<\/p>","protected":false},"excerpt":{"rendered":"<p>25 Set di pigiami classici in seta Mulberry di Momme in color caff\u00e8. Finitura a manica lunga, sensazione di resistenza alle rughe e gamma di taglie XL, XXL, 3XL, 4XL. Progettato per donne e uomini.<\/p>","protected":false},"featured_media":2444,"template":"","meta":{"_gspb_post_css":""},"product_brand":[],"product_cat":[20],"product_tag":[196,197,198],"class_list":{"0":"post-599","1":"product","2":"type-product","3":"status-publish","4":"has-post-thumbnail","6":"product_cat-silk-pajamas","7":"product_tag-25-momme-silk-pajamas-coffee","8":"product_tag-mulberry-silk-pajamas-long-sleeve","9":"product_tag-wholesale-silk-pajamas-for-women-and-men","11":"first","12":"instock","13":"shipping-taxable","14":"purchasable","15":"product-type-simple"},"_links":{"self":[{"href":"https:\/\/silk-pajamas.com\/it\/wp-json\/wp\/v2\/product\/599","targetHints":{"allow":["GET"]}}],"collection":[{"href":"https:\/\/silk-pajamas.com\/it\/wp-json\/wp\/v2\/product"}],"about":[{"href":"https:\/\/silk-pajamas.com\/it\/wp-json\/wp\/v2\/types\/product"}],"wp:featuredmedia":[{"embeddable":true,"href":"https:\/\/silk-pajamas.com\/it\/wp-json\/wp\/v2\/media\/2444"}],"wp:attachment":[{"href":"https:\/\/silk-pajamas.com\/it\/wp-json\/wp\/v2\/media?parent=599"}],"wp:term":[{"taxonomy":"product_brand","embeddable":true,"href":"https:\/\/silk-pajamas.com\/it\/wp-json\/wp\/v2\/product_brand?post=599"},{"taxonomy":"product_cat","embeddable":true,"href":"https:\/\/silk-pajamas.com\/it\/wp-json\/wp\/v2\/product_cat?post=599"},{"taxonomy":"product_tag","embeddable":true,"href":"https:\/\/silk-pajamas.com\/it\/wp-json\/wp\/v2\/product_tag?post=599"}],"curies":[{"name":"wp","href":"https:\/\/api.w.org\/{rel}","templated":true}]}}