{"id":602,"date":"2026-04-12T15:43:10","date_gmt":"2026-04-12T15:43:10","guid":{"rendered":"https:\/\/silk-pajamas.com\/16-momme-mulberry-silk-pajama-set-piped-lilac-manufacturer\/"},"modified":"2026-05-09T07:53:03","modified_gmt":"2026-05-09T07:53:03","slug":"16-momme-mulberry-silk-pajama-set-piped-lilac-manufacturer","status":"publish","type":"product","link":"https:\/\/silk-pajamas.com\/it\/16-momme-mulberry-silk-pajama-set-piped-lilac-manufacturer\/","title":{"rendered":"16 Momme Mulberry Silk Pajama Set Piped Lilac Produttore"},"content":{"rendered":"<p>Questo classico set da pigiama \u00e8 realizzato in seta di gelso 16 momme in tonalit\u00e0 lilla. Presenta profili, una mano liscia e un drappeggio confortevole per l'uso in viaggio. Questo modello \u00e8 adatto alle taglie XL, XXL, 3XL e 4XL e pu\u00f2 essere indossato in tutte le stagioni, regalato e indossato quotidianamente. Lavare a mano a freddo o con un ciclo delicato.<\/p>","protected":false},"excerpt":{"rendered":"<p>16 Set di pigiami classici in seta Mulberry di Momme in colore lilla. Finitura con pizzi, sensazione di resistenza alle rughe e gamma di taglie XL, XXL, 3XL, 4XL. Progettato per l'uso in viaggio.<\/p>","protected":false},"featured_media":2407,"template":"","meta":{"_gspb_post_css":""},"product_brand":[],"product_cat":[20],"product_tag":[202,203,204],"class_list":{"0":"post-602","1":"product","2":"type-product","3":"status-publish","4":"has-post-thumbnail","6":"product_cat-silk-pajamas","7":"product_tag-16-momme-silk-pajamas-lilac","8":"product_tag-mulberry-silk-pajamas-piped","9":"product_tag-supplier-silk-pajamas-for-travel-use","11":"first","12":"instock","13":"shipping-taxable","14":"purchasable","15":"product-type-simple"},"_links":{"self":[{"href":"https:\/\/silk-pajamas.com\/it\/wp-json\/wp\/v2\/product\/602","targetHints":{"allow":["GET"]}}],"collection":[{"href":"https:\/\/silk-pajamas.com\/it\/wp-json\/wp\/v2\/product"}],"about":[{"href":"https:\/\/silk-pajamas.com\/it\/wp-json\/wp\/v2\/types\/product"}],"wp:featuredmedia":[{"embeddable":true,"href":"https:\/\/silk-pajamas.com\/it\/wp-json\/wp\/v2\/media\/2407"}],"wp:attachment":[{"href":"https:\/\/silk-pajamas.com\/it\/wp-json\/wp\/v2\/media?parent=602"}],"wp:term":[{"taxonomy":"product_brand","embeddable":true,"href":"https:\/\/silk-pajamas.com\/it\/wp-json\/wp\/v2\/product_brand?post=602"},{"taxonomy":"product_cat","embeddable":true,"href":"https:\/\/silk-pajamas.com\/it\/wp-json\/wp\/v2\/product_cat?post=602"},{"taxonomy":"product_tag","embeddable":true,"href":"https:\/\/silk-pajamas.com\/it\/wp-json\/wp\/v2\/product_tag?post=602"}],"curies":[{"name":"wp","href":"https:\/\/api.w.org\/{rel}","templated":true}]}}