{"id":609,"date":"2026-04-12T15:43:10","date_gmt":"2026-04-12T15:43:10","guid":{"rendered":"https:\/\/silk-pajamas.com\/22-momme-sandwashed-silk-pajama-set-contrast-trim-navy\/"},"modified":"2026-05-09T08:06:32","modified_gmt":"2026-05-09T08:06:32","slug":"22-momme-sandwashed-silk-pajama-set-contrast-trim-navy","status":"publish","type":"product","link":"https:\/\/silk-pajamas.com\/it\/22-momme-sandwashed-silk-pajama-set-contrast-trim-navy\/","title":{"rendered":"22 Momme - Set pigiama in seta lavata a mano con bordi a contrasto - Navy"},"content":{"rendered":"<p>Questo classico set da pigiama \u00e8 realizzato in seta 22 momme sandwashed in tonalit\u00e0 navy. Presenta finiture a contrasto, una mano morbida e un drappeggio confortevole per le donne. Il modello \u00e8 adatto alle taglie S, M, L, XL e si presta bene a essere indossato in primavera, regalato o indossato quotidianamente. Lavare a mano a freddo o con un ciclo delicato.<\/p>","protected":false},"excerpt":{"rendered":"<p>22 Set pigiama classico in seta di Momme Sandwashed nel colore navy. Finitura a contrasto, sensazione di traspirazione e gamma di taglie S, M, L, XL. Ideato per le donne.<\/p>","protected":false},"featured_media":2419,"template":"","meta":{"_gspb_post_css":""},"product_brand":[],"product_cat":[20],"product_tag":[185,218,219],"class_list":{"0":"post-609","1":"product","2":"type-product","3":"status-publish","4":"has-post-thumbnail","6":"product_cat-silk-pajamas","7":"product_tag-22-momme-silk-pajamas-navy","8":"product_tag-sandwashed-silk-pajamas-contrast-trim","9":"product_tag-wholesale-silk-pajamas-for-women","11":"first","12":"instock","13":"shipping-taxable","14":"purchasable","15":"product-type-simple"},"_links":{"self":[{"href":"https:\/\/silk-pajamas.com\/it\/wp-json\/wp\/v2\/product\/609","targetHints":{"allow":["GET"]}}],"collection":[{"href":"https:\/\/silk-pajamas.com\/it\/wp-json\/wp\/v2\/product"}],"about":[{"href":"https:\/\/silk-pajamas.com\/it\/wp-json\/wp\/v2\/types\/product"}],"wp:featuredmedia":[{"embeddable":true,"href":"https:\/\/silk-pajamas.com\/it\/wp-json\/wp\/v2\/media\/2419"}],"wp:attachment":[{"href":"https:\/\/silk-pajamas.com\/it\/wp-json\/wp\/v2\/media?parent=609"}],"wp:term":[{"taxonomy":"product_brand","embeddable":true,"href":"https:\/\/silk-pajamas.com\/it\/wp-json\/wp\/v2\/product_brand?post=609"},{"taxonomy":"product_cat","embeddable":true,"href":"https:\/\/silk-pajamas.com\/it\/wp-json\/wp\/v2\/product_cat?post=609"},{"taxonomy":"product_tag","embeddable":true,"href":"https:\/\/silk-pajamas.com\/it\/wp-json\/wp\/v2\/product_tag?post=609"}],"curies":[{"name":"wp","href":"https:\/\/api.w.org\/{rel}","templated":true}]}}