{"id":618,"date":"2026-04-12T15:43:11","date_gmt":"2026-04-12T15:43:11","guid":{"rendered":"https:\/\/silk-pajamas.com\/25-momme-crepe-silk-kimono-robe-belted-rose\/"},"modified":"2026-05-09T07:42:35","modified_gmt":"2026-05-09T07:42:35","slug":"25-momme-crepe-silk-kimono-robe-belted-rose","status":"publish","type":"product","link":"https:\/\/silk-pajamas.com\/it\/25-momme-crepe-silk-kimono-robe-belted-rose\/","title":{"rendered":"25 Momme Crepe Silk Kimono Robe Belted Rose"},"content":{"rendered":"<p>Questa vestaglia e kimono a strati \u00e8 realizzata in seta crepe 25 momme in tonalit\u00e0 rosa. Presenta una cintura, una mano liscia e un drappeggio confortevole per i programmi di benessere. Lo stile \u00e8 adatto alle taglie XL, XXL, 3XL, 4XL e si presta a essere indossato in tutte le stagioni, regalato e indossato quotidianamente. Lavare a mano a freddo o con un ciclo delicato.<\/p>","protected":false},"excerpt":{"rendered":"<p>25 Vestaglia e kimono in seta crepe di Momme in rosa. Finitura con cintura, sensazione di termoregolazione e gamma di taglie XL, XXL, 3XL, 4XL. Ideato per i programmi termali.<\/p>","protected":false},"featured_media":2396,"template":"","meta":{"_gspb_post_css":""},"product_brand":[],"product_cat":[24],"product_tag":[236,234,237],"class_list":{"0":"post-618","1":"product","2":"type-product","3":"status-publish","4":"has-post-thumbnail","6":"product_cat-silk-robes-and-kimonos","7":"product_tag-25-momme-silk-robe-rose","8":"product_tag-crepe-silk-robe-belted","9":"product_tag-wholesale-silk-robe-for-spa-programs","11":"first","12":"instock","13":"featured","14":"shipping-taxable","15":"purchasable","16":"product-type-simple"},"_links":{"self":[{"href":"https:\/\/silk-pajamas.com\/it\/wp-json\/wp\/v2\/product\/618","targetHints":{"allow":["GET"]}}],"collection":[{"href":"https:\/\/silk-pajamas.com\/it\/wp-json\/wp\/v2\/product"}],"about":[{"href":"https:\/\/silk-pajamas.com\/it\/wp-json\/wp\/v2\/types\/product"}],"wp:featuredmedia":[{"embeddable":true,"href":"https:\/\/silk-pajamas.com\/it\/wp-json\/wp\/v2\/media\/2396"}],"wp:attachment":[{"href":"https:\/\/silk-pajamas.com\/it\/wp-json\/wp\/v2\/media?parent=618"}],"wp:term":[{"taxonomy":"product_brand","embeddable":true,"href":"https:\/\/silk-pajamas.com\/it\/wp-json\/wp\/v2\/product_brand?post=618"},{"taxonomy":"product_cat","embeddable":true,"href":"https:\/\/silk-pajamas.com\/it\/wp-json\/wp\/v2\/product_cat?post=618"},{"taxonomy":"product_tag","embeddable":true,"href":"https:\/\/silk-pajamas.com\/it\/wp-json\/wp\/v2\/product_tag?post=618"}],"curies":[{"name":"wp","href":"https:\/\/api.w.org\/{rel}","templated":true}]}}