{"id":637,"date":"2026-04-12T15:43:13","date_gmt":"2026-04-12T15:43:13","guid":{"rendered":"https:\/\/silk-pajamas.com\/22-momme-crepe-silk-lounge-bottoms-piped-leopard-vendor\/"},"modified":"2026-05-09T07:16:42","modified_gmt":"2026-05-09T07:16:42","slug":"22-momme-crepe-silk-lounge-bottoms-piped-leopard-vendor","status":"publish","type":"product","link":"https:\/\/silk-pajamas.com\/it\/22-momme-crepe-silk-lounge-bottoms-piped-leopard-vendor\/","title":{"rendered":"22 Momme Crepe Silk Lounge Bottoms Piped Leopard Vendor"},"content":{"rendered":"<p>Questo slip \u00e8 realizzato in seta crepe 22 momme in tonalit\u00e0 leopardo. Presenta profili, una mano liscia e un drappeggio confortevole per donne e uomini. Il modello \u00e8 adatto alle taglie XS, S, M, L, XL, XXL ed \u00e8 ideale per l'estate, per i regali e per il comfort quotidiano. Lavare a mano a freddo o con un ciclo delicato.<\/p>","protected":false},"excerpt":{"rendered":"<p>22 slip da notte in seta crepe di Momme in colore leopardo. Rifiniture con piedini, sensazione di traspirazione e gamma di taglie XS, S, M, L, XL, XXL. Progettato per donne e uomini.<\/p>","protected":false},"featured_media":2331,"template":"","meta":{"_gspb_post_css":""},"product_brand":[],"product_cat":[26],"product_tag":[271,272,273],"class_list":{"0":"post-637","1":"product","2":"type-product","3":"status-publish","4":"has-post-thumbnail","6":"product_cat-silk-sleep-bottoms","7":"product_tag-22-momme-silk-sleep-pants-leopard","8":"product_tag-crepe-silk-sleep-pants-piped","9":"product_tag-vendor-silk-sleep-pants-for-women-and-men","11":"first","12":"instock","13":"featured","14":"shipping-taxable","15":"purchasable","16":"product-type-simple"},"_links":{"self":[{"href":"https:\/\/silk-pajamas.com\/it\/wp-json\/wp\/v2\/product\/637","targetHints":{"allow":["GET"]}}],"collection":[{"href":"https:\/\/silk-pajamas.com\/it\/wp-json\/wp\/v2\/product"}],"about":[{"href":"https:\/\/silk-pajamas.com\/it\/wp-json\/wp\/v2\/types\/product"}],"wp:featuredmedia":[{"embeddable":true,"href":"https:\/\/silk-pajamas.com\/it\/wp-json\/wp\/v2\/media\/2331"}],"wp:attachment":[{"href":"https:\/\/silk-pajamas.com\/it\/wp-json\/wp\/v2\/media?parent=637"}],"wp:term":[{"taxonomy":"product_brand","embeddable":true,"href":"https:\/\/silk-pajamas.com\/it\/wp-json\/wp\/v2\/product_brand?post=637"},{"taxonomy":"product_cat","embeddable":true,"href":"https:\/\/silk-pajamas.com\/it\/wp-json\/wp\/v2\/product_cat?post=637"},{"taxonomy":"product_tag","embeddable":true,"href":"https:\/\/silk-pajamas.com\/it\/wp-json\/wp\/v2\/product_tag?post=637"}],"curies":[{"name":"wp","href":"https:\/\/api.w.org\/{rel}","templated":true}]}}