{"id":648,"date":"2026-04-12T15:43:14","date_gmt":"2026-04-12T15:43:14","guid":{"rendered":"https:\/\/silk-pajamas.com\/16-momme-crepe-silk-lounge-bottoms-ankle-length-wine\/"},"modified":"2026-05-08T13:03:52","modified_gmt":"2026-05-08T13:03:52","slug":"16-momme-crepe-silk-lounge-bottoms-ankle-length-wine","status":"publish","type":"product","link":"https:\/\/silk-pajamas.com\/it\/16-momme-crepe-silk-lounge-bottoms-ankle-length-wine\/","title":{"rendered":"16 Momme Crepe Silk Lounge Bottoms Lunghezza alla caviglia Vino"},"content":{"rendered":"<p>Questo slip \u00e8 realizzato in seta crepe 16 momme in tonalit\u00e0 vino. Presenta una lunghezza alla caviglia, una mano morbida e un drappeggio confortevole per gli uomini. Il modello \u00e8 adatto alle taglie XS, S, M, L, XL, XXL e si presta bene a essere indossato in primavera, regalato o indossato quotidianamente. Lavare a mano a freddo o con un ciclo delicato.<\/p>","protected":false},"excerpt":{"rendered":"<p>16 Culotte Momme in seta crepe di vino. Finitura alla caviglia, sensazione di morbidezza e gamma di taglie XS, S, M, L, XL, XXL. Ideato per gli uomini.<\/p>","protected":false},"featured_media":2356,"template":"","meta":{"_gspb_post_css":""},"product_brand":[],"product_cat":[26],"product_tag":[298,299,293],"class_list":{"0":"post-648","1":"product","2":"type-product","3":"status-publish","4":"has-post-thumbnail","6":"product_cat-silk-sleep-bottoms","7":"product_tag-16-momme-silk-sleep-pants-wine","8":"product_tag-crepe-silk-sleep-pants-ankle-length","9":"product_tag-manufacturer-silk-sleep-pants-for-men","11":"first","12":"instock","13":"shipping-taxable","14":"purchasable","15":"product-type-simple"},"_links":{"self":[{"href":"https:\/\/silk-pajamas.com\/it\/wp-json\/wp\/v2\/product\/648","targetHints":{"allow":["GET"]}}],"collection":[{"href":"https:\/\/silk-pajamas.com\/it\/wp-json\/wp\/v2\/product"}],"about":[{"href":"https:\/\/silk-pajamas.com\/it\/wp-json\/wp\/v2\/types\/product"}],"wp:featuredmedia":[{"embeddable":true,"href":"https:\/\/silk-pajamas.com\/it\/wp-json\/wp\/v2\/media\/2356"}],"wp:attachment":[{"href":"https:\/\/silk-pajamas.com\/it\/wp-json\/wp\/v2\/media?parent=648"}],"wp:term":[{"taxonomy":"product_brand","embeddable":true,"href":"https:\/\/silk-pajamas.com\/it\/wp-json\/wp\/v2\/product_brand?post=648"},{"taxonomy":"product_cat","embeddable":true,"href":"https:\/\/silk-pajamas.com\/it\/wp-json\/wp\/v2\/product_cat?post=648"},{"taxonomy":"product_tag","embeddable":true,"href":"https:\/\/silk-pajamas.com\/it\/wp-json\/wp\/v2\/product_tag?post=648"}],"curies":[{"name":"wp","href":"https:\/\/api.w.org\/{rel}","templated":true}]}}