{"id":656,"date":"2026-04-12T15:43:15","date_gmt":"2026-04-12T15:43:15","guid":{"rendered":"https:\/\/silk-pajamas.com\/22-momme-mulberry-silk-lounge-bottoms-pocketed-navy\/"},"modified":"2026-05-08T12:31:13","modified_gmt":"2026-05-08T12:31:13","slug":"22-momme-mulberry-silk-lounge-bottoms-pocketed-navy","status":"publish","type":"product","link":"https:\/\/silk-pajamas.com\/it\/22-momme-mulberry-silk-lounge-bottoms-pocketed-navy\/","title":{"rendered":"22 Momme Mulberry Silk Lounge Bottoms Pocketed Navy"},"content":{"rendered":"<p>Questo slip \u00e8 realizzato in seta di gelso 22 momme in tonalit\u00e0 navy. Presenta tasche, una mano liscia e un drappeggio confortevole per donne e uomini. Il modello \u00e8 adatto alle taglie S, M, L, XL e funziona bene per l'estate, per i regali e per il comfort quotidiano. Lavare a mano a freddo o con un ciclo delicato.<\/p>","protected":false},"excerpt":{"rendered":"<p>22 slip per dormire in seta Momme Mulberry nel colore navy. Finitura a tasche, sensazione di termoregolazione e gamma di taglie S, M, L, XL. Progettato per donne e uomini.<\/p>","protected":false},"featured_media":2326,"template":"","meta":{"_gspb_post_css":""},"product_brand":[],"product_cat":[26],"product_tag":[313,282,314],"class_list":{"0":"post-656","1":"product","2":"type-product","3":"status-publish","4":"has-post-thumbnail","6":"product_cat-silk-sleep-bottoms","7":"product_tag-22-momme-silk-sleep-pants-navy","8":"product_tag-factory-silk-sleep-pants-for-women-and-men","9":"product_tag-mulberry-silk-sleep-pants-pocketed","11":"first","12":"instock","13":"shipping-taxable","14":"purchasable","15":"product-type-simple"},"_links":{"self":[{"href":"https:\/\/silk-pajamas.com\/it\/wp-json\/wp\/v2\/product\/656","targetHints":{"allow":["GET"]}}],"collection":[{"href":"https:\/\/silk-pajamas.com\/it\/wp-json\/wp\/v2\/product"}],"about":[{"href":"https:\/\/silk-pajamas.com\/it\/wp-json\/wp\/v2\/types\/product"}],"wp:featuredmedia":[{"embeddable":true,"href":"https:\/\/silk-pajamas.com\/it\/wp-json\/wp\/v2\/media\/2326"}],"wp:attachment":[{"href":"https:\/\/silk-pajamas.com\/it\/wp-json\/wp\/v2\/media?parent=656"}],"wp:term":[{"taxonomy":"product_brand","embeddable":true,"href":"https:\/\/silk-pajamas.com\/it\/wp-json\/wp\/v2\/product_brand?post=656"},{"taxonomy":"product_cat","embeddable":true,"href":"https:\/\/silk-pajamas.com\/it\/wp-json\/wp\/v2\/product_cat?post=656"},{"taxonomy":"product_tag","embeddable":true,"href":"https:\/\/silk-pajamas.com\/it\/wp-json\/wp\/v2\/product_tag?post=656"}],"curies":[{"name":"wp","href":"https:\/\/api.w.org\/{rel}","templated":true}]}}