{"id":659,"date":"2026-04-12T15:43:16","date_gmt":"2026-04-12T15:43:16","guid":{"rendered":"https:\/\/silk-pajamas.com\/16-momme-crepe-silk-sleep-shirt-long-sleeve-sky-blue\/"},"modified":"2026-05-08T09:50:52","modified_gmt":"2026-05-08T09:50:52","slug":"16-momme-crepe-silk-sleep-shirt-long-sleeve-sky-blue","status":"publish","type":"product","link":"https:\/\/silk-pajamas.com\/it\/16-momme-crepe-silk-sleep-shirt-long-sleeve-sky-blue\/","title":{"rendered":"16 Momme Camicia da notte in crepe di seta a maniche lunghe Blu cielo"},"content":{"rendered":"<p>Questa camicia da letto con bottoni \u00e8 realizzata in seta crepe 16 momme in tonalit\u00e0 blu cielo. \u00c8 caratterizzata da maniche lunghe, mano liscia e drappeggio confortevole per donne e uomini. Lo stile supporta le taglie Custom e si adatta bene all'abbigliamento primaverile, ai regali e al comfort quotidiano. Lavare a mano a freddo o con un ciclo delicato.<\/p>","protected":false},"excerpt":{"rendered":"<p>16 Camicia da letto abbottonata in seta crepe di Momme, colore blu cielo. Finitura a manica lunga, sensazione di traspirazione e gamma di taglie personalizzate. Progettata per donne e uomini.<\/p>","protected":false},"featured_media":2286,"template":"","meta":{"_gspb_post_css":""},"product_brand":[],"product_cat":[25],"product_tag":[319,317,320],"class_list":{"0":"post-659","1":"product","2":"type-product","3":"status-publish","4":"has-post-thumbnail","6":"product_cat-silk-sleepshirt","7":"product_tag-16-momme-silk-sleepshirt-sky-blue","8":"product_tag-crepe-silk-sleepshirt-long-sleeve","9":"product_tag-vendor-silk-sleepshirt-for-women-and-men","11":"first","12":"instock","13":"shipping-taxable","14":"purchasable","15":"product-type-simple"},"_links":{"self":[{"href":"https:\/\/silk-pajamas.com\/it\/wp-json\/wp\/v2\/product\/659","targetHints":{"allow":["GET"]}}],"collection":[{"href":"https:\/\/silk-pajamas.com\/it\/wp-json\/wp\/v2\/product"}],"about":[{"href":"https:\/\/silk-pajamas.com\/it\/wp-json\/wp\/v2\/types\/product"}],"wp:featuredmedia":[{"embeddable":true,"href":"https:\/\/silk-pajamas.com\/it\/wp-json\/wp\/v2\/media\/2286"}],"wp:attachment":[{"href":"https:\/\/silk-pajamas.com\/it\/wp-json\/wp\/v2\/media?parent=659"}],"wp:term":[{"taxonomy":"product_brand","embeddable":true,"href":"https:\/\/silk-pajamas.com\/it\/wp-json\/wp\/v2\/product_brand?post=659"},{"taxonomy":"product_cat","embeddable":true,"href":"https:\/\/silk-pajamas.com\/it\/wp-json\/wp\/v2\/product_cat?post=659"},{"taxonomy":"product_tag","embeddable":true,"href":"https:\/\/silk-pajamas.com\/it\/wp-json\/wp\/v2\/product_tag?post=659"}],"curies":[{"name":"wp","href":"https:\/\/api.w.org\/{rel}","templated":true}]}}