{"id":665,"date":"2026-04-12T15:43:16","date_gmt":"2026-04-12T15:43:16","guid":{"rendered":"https:\/\/silk-pajamas.com\/16-momme-charmeuse-silk-sleepshirt-piped-leopard\/"},"modified":"2026-05-08T09:57:48","modified_gmt":"2026-05-08T09:57:48","slug":"16-momme-charmeuse-silk-sleepshirt-piped-leopard","status":"publish","type":"product","link":"https:\/\/silk-pajamas.com\/it\/16-momme-charmeuse-silk-sleepshirt-piped-leopard\/","title":{"rendered":"16 Momme Charmeuse Sleepshirt in seta con piping leopardato"},"content":{"rendered":"<p>Questa camicia da letto con bottoni \u00e8 realizzata in seta charmeuse 16 momme in tonalit\u00e0 leopardo. \u00c8 caratterizzata da bordature, una mano liscia e un drappeggio confortevole per donne e uomini. Questo modello \u00e8 adatto alle taglie XL, XXL, 3XL e 4XL e si presta a essere indossato in tutte le stagioni, regalato e indossato quotidianamente. Lavare a mano a freddo o con un ciclo delicato.<\/p>","protected":false},"excerpt":{"rendered":"<p>16 Camicia da notte con bottoni in seta Charmeuse di Momme in color leopardo. Rifiniture con pizzi, sensazione di traspirazione e gamma di taglie XL, XXL, 3XL, 4XL. Progettata per donne e uomini.<\/p>","protected":false},"featured_media":2288,"template":"","meta":{"_gspb_post_css":""},"product_brand":[],"product_cat":[25],"product_tag":[335,328,336],"class_list":{"0":"post-665","1":"product","2":"type-product","3":"status-publish","4":"has-post-thumbnail","6":"product_cat-silk-sleepshirt","7":"product_tag-16-momme-silk-sleepshirt-leopard","8":"product_tag-charmeuse-silk-sleepshirt-piped","9":"product_tag-supplier-silk-sleepshirt-for-women-and-men","11":"first","12":"instock","13":"shipping-taxable","14":"purchasable","15":"product-type-simple"},"_links":{"self":[{"href":"https:\/\/silk-pajamas.com\/it\/wp-json\/wp\/v2\/product\/665","targetHints":{"allow":["GET"]}}],"collection":[{"href":"https:\/\/silk-pajamas.com\/it\/wp-json\/wp\/v2\/product"}],"about":[{"href":"https:\/\/silk-pajamas.com\/it\/wp-json\/wp\/v2\/types\/product"}],"wp:featuredmedia":[{"embeddable":true,"href":"https:\/\/silk-pajamas.com\/it\/wp-json\/wp\/v2\/media\/2288"}],"wp:attachment":[{"href":"https:\/\/silk-pajamas.com\/it\/wp-json\/wp\/v2\/media?parent=665"}],"wp:term":[{"taxonomy":"product_brand","embeddable":true,"href":"https:\/\/silk-pajamas.com\/it\/wp-json\/wp\/v2\/product_brand?post=665"},{"taxonomy":"product_cat","embeddable":true,"href":"https:\/\/silk-pajamas.com\/it\/wp-json\/wp\/v2\/product_cat?post=665"},{"taxonomy":"product_tag","embeddable":true,"href":"https:\/\/silk-pajamas.com\/it\/wp-json\/wp\/v2\/product_tag?post=665"}],"curies":[{"name":"wp","href":"https:\/\/api.w.org\/{rel}","templated":true}]}}