{"id":668,"date":"2026-04-12T15:43:16","date_gmt":"2026-04-12T15:43:16","guid":{"rendered":"https:\/\/silk-pajamas.com\/19-momme-charmeuse-silk-sleep-shirt-pocketed-emerald\/"},"modified":"2026-05-08T09:59:36","modified_gmt":"2026-05-08T09:59:36","slug":"19-momme-charmeuse-silk-sleep-shirt-pocketed-emerald","status":"publish","type":"product","link":"https:\/\/silk-pajamas.com\/it\/19-momme-charmeuse-silk-sleep-shirt-pocketed-emerald\/","title":{"rendered":"19 Momme Charmeuse Silk Sleep Shirt Pocketed Emerald"},"content":{"rendered":"<p>Questa camicia da notte con bottoni \u00e8 realizzata in seta charme 19 momme in tonalit\u00e0 smeraldo. Presenta tasche, una mano liscia e un drappeggio confortevole per le donne. Questo modello \u00e8 adatto alle taglie XL, XXL, 3XL e 4XL e si presta bene per essere indossato in primavera, regalato o indossato quotidianamente. Lavare a mano a freddo o con un ciclo delicato.<\/p>","protected":false},"excerpt":{"rendered":"<p>19 Camicia da notte con bottoni in seta Charmeuse di Momme in color smeraldo. Finitura a tasche, sensazione di morbidezza e gamma di taglie XL, XXL, 3XL, 4XL. Progettata per le donne.<\/p>","protected":false},"featured_media":2285,"template":"","meta":{"_gspb_post_css":""},"product_brand":[],"product_cat":[25],"product_tag":[316,342,343],"class_list":{"0":"post-668","1":"product","2":"type-product","3":"status-publish","4":"has-post-thumbnail","6":"product_cat-silk-sleepshirt","7":"product_tag-19-momme-silk-sleepshirt-emerald","8":"product_tag-charmeuse-silk-sleepshirt-pocketed","9":"product_tag-supplier-silk-sleepshirt-for-women","11":"first","12":"instock","13":"featured","14":"shipping-taxable","15":"purchasable","16":"product-type-simple"},"_links":{"self":[{"href":"https:\/\/silk-pajamas.com\/it\/wp-json\/wp\/v2\/product\/668","targetHints":{"allow":["GET"]}}],"collection":[{"href":"https:\/\/silk-pajamas.com\/it\/wp-json\/wp\/v2\/product"}],"about":[{"href":"https:\/\/silk-pajamas.com\/it\/wp-json\/wp\/v2\/types\/product"}],"wp:featuredmedia":[{"embeddable":true,"href":"https:\/\/silk-pajamas.com\/it\/wp-json\/wp\/v2\/media\/2285"}],"wp:attachment":[{"href":"https:\/\/silk-pajamas.com\/it\/wp-json\/wp\/v2\/media?parent=668"}],"wp:term":[{"taxonomy":"product_brand","embeddable":true,"href":"https:\/\/silk-pajamas.com\/it\/wp-json\/wp\/v2\/product_brand?post=668"},{"taxonomy":"product_cat","embeddable":true,"href":"https:\/\/silk-pajamas.com\/it\/wp-json\/wp\/v2\/product_cat?post=668"},{"taxonomy":"product_tag","embeddable":true,"href":"https:\/\/silk-pajamas.com\/it\/wp-json\/wp\/v2\/product_tag?post=668"}],"curies":[{"name":"wp","href":"https:\/\/api.w.org\/{rel}","templated":true}]}}