{"id":671,"date":"2026-04-12T15:43:17","date_gmt":"2026-04-12T15:43:17","guid":{"rendered":"https:\/\/silk-pajamas.com\/22-momme-crepe-silk-sleepshirt-button-down-wine-vendor\/"},"modified":"2026-05-08T08:56:08","modified_gmt":"2026-05-08T08:56:08","slug":"22-momme-crepe-silk-sleepshirt-button-down-wine-vendor","status":"publish","type":"product","link":"https:\/\/silk-pajamas.com\/it\/22-momme-crepe-silk-sleepshirt-button-down-wine-vendor\/","title":{"rendered":"22 Momme Crepe Silk Sleepshirt Button Down Venditore di vino"},"content":{"rendered":"<p>Questa camicia da notte con bottoni \u00e8 realizzata in seta crepe 22 momme in tonalit\u00e0 vino. \u00c8 abbottonata, ha una mano morbida e un drappeggio confortevole per le donne. Il modello \u00e8 adatto alle taglie S, M, L, XL e si presta a essere indossato in tutte le stagioni, regalato e indossato quotidianamente. Lavare a mano a freddo o con un ciclo delicato.<\/p>","protected":false},"excerpt":{"rendered":"<p>22 Camicia da notte abbottonata in seta crepe di Momme, colore vino. Finitura con bottoni, sensazione di leggerezza e gamma di taglie S, M, L, XL. Ideato per le donne.<\/p>","protected":false},"featured_media":2253,"template":"","meta":{"_gspb_post_css":""},"product_brand":[],"product_cat":[25],"product_tag":[347,346,343],"class_list":{"0":"post-671","1":"product","2":"type-product","3":"status-publish","4":"has-post-thumbnail","6":"product_cat-silk-sleepshirt","7":"product_tag-22-momme-silk-sleepshirt-wine","8":"product_tag-crepe-silk-sleepshirt-button-down","9":"product_tag-supplier-silk-sleepshirt-for-women","11":"first","12":"instock","13":"shipping-taxable","14":"purchasable","15":"product-type-simple"},"_links":{"self":[{"href":"https:\/\/silk-pajamas.com\/it\/wp-json\/wp\/v2\/product\/671","targetHints":{"allow":["GET"]}}],"collection":[{"href":"https:\/\/silk-pajamas.com\/it\/wp-json\/wp\/v2\/product"}],"about":[{"href":"https:\/\/silk-pajamas.com\/it\/wp-json\/wp\/v2\/types\/product"}],"wp:featuredmedia":[{"embeddable":true,"href":"https:\/\/silk-pajamas.com\/it\/wp-json\/wp\/v2\/media\/2253"}],"wp:attachment":[{"href":"https:\/\/silk-pajamas.com\/it\/wp-json\/wp\/v2\/media?parent=671"}],"wp:term":[{"taxonomy":"product_brand","embeddable":true,"href":"https:\/\/silk-pajamas.com\/it\/wp-json\/wp\/v2\/product_brand?post=671"},{"taxonomy":"product_cat","embeddable":true,"href":"https:\/\/silk-pajamas.com\/it\/wp-json\/wp\/v2\/product_cat?post=671"},{"taxonomy":"product_tag","embeddable":true,"href":"https:\/\/silk-pajamas.com\/it\/wp-json\/wp\/v2\/product_tag?post=671"}],"curies":[{"name":"wp","href":"https:\/\/api.w.org\/{rel}","templated":true}]}}