{"id":679,"date":"2026-04-12T15:43:17","date_gmt":"2026-04-12T15:43:17","guid":{"rendered":"https:\/\/silk-pajamas.com\/19-momme-soft-shine-silk-bonnet-double-layer-wine\/"},"modified":"2026-05-08T09:41:58","modified_gmt":"2026-05-08T09:41:58","slug":"19-momme-soft-shine-silk-bonnet-double-layer-wine","status":"publish","type":"product","link":"https:\/\/silk-pajamas.com\/it\/19-momme-soft-shine-silk-bonnet-double-layer-wine\/","title":{"rendered":"19 Momme Soft Shine Silk Bonnet Doppio Strato Vino"},"content":{"rendered":"<p>Questa cuffietta per dormire \u00e8 realizzata in seta 19 momme soft shine in tonalit\u00e0 vino. Presenta un doppio strato, una mano liscia e un drappeggio confortevole per proteggere le trecce. Il modello \u00e8 adatto alle taglie uniche e si presta a essere indossato in tutte le stagioni, regalato e indossato quotidianamente. Lavare a mano a freddo e asciugare all'aria.<\/p>","protected":false},"excerpt":{"rendered":"<p>19 Cuffia da notte in seta Momme Soft Shine, colore vino. Finitura a doppio strato, sensazione di leggerezza e taglia unica. Progettata per proteggere le trecce.<\/p>","protected":false},"featured_media":2271,"template":"","meta":{"_gspb_post_css":""},"product_brand":[],"product_cat":[35],"product_tag":[366,368,367],"class_list":{"0":"post-679","1":"product","2":"type-product","3":"status-publish","4":"has-post-thumbnail","6":"product_cat-silk-bonnets","7":"product_tag-19-momme-silk-bonnet-wine","8":"product_tag-manufacturer-silk-bonnet-for-braid-protection","9":"product_tag-soft-shine-silk-bonnet-double-layer","11":"first","12":"instock","13":"shipping-taxable","14":"purchasable","15":"product-type-simple"},"_links":{"self":[{"href":"https:\/\/silk-pajamas.com\/it\/wp-json\/wp\/v2\/product\/679","targetHints":{"allow":["GET"]}}],"collection":[{"href":"https:\/\/silk-pajamas.com\/it\/wp-json\/wp\/v2\/product"}],"about":[{"href":"https:\/\/silk-pajamas.com\/it\/wp-json\/wp\/v2\/types\/product"}],"wp:featuredmedia":[{"embeddable":true,"href":"https:\/\/silk-pajamas.com\/it\/wp-json\/wp\/v2\/media\/2271"}],"wp:attachment":[{"href":"https:\/\/silk-pajamas.com\/it\/wp-json\/wp\/v2\/media?parent=679"}],"wp:term":[{"taxonomy":"product_brand","embeddable":true,"href":"https:\/\/silk-pajamas.com\/it\/wp-json\/wp\/v2\/product_brand?post=679"},{"taxonomy":"product_cat","embeddable":true,"href":"https:\/\/silk-pajamas.com\/it\/wp-json\/wp\/v2\/product_cat?post=679"},{"taxonomy":"product_tag","embeddable":true,"href":"https:\/\/silk-pajamas.com\/it\/wp-json\/wp\/v2\/product_tag?post=679"}],"curies":[{"name":"wp","href":"https:\/\/api.w.org\/{rel}","templated":true}]}}