{"id":704,"date":"2026-04-12T15:43:21","date_gmt":"2026-04-12T15:43:21","guid":{"rendered":"https:\/\/silk-pajamas.com\/25-momme-double-layer-mulberry-silk-eye-mask-piped-blush\/"},"modified":"2026-05-08T07:01:53","modified_gmt":"2026-05-08T07:01:53","slug":"25-momme-double-layer-mulberry-silk-eye-mask-piped-blush","status":"publish","type":"product","link":"https:\/\/silk-pajamas.com\/it\/25-momme-double-layer-mulberry-silk-eye-mask-piped-blush\/","title":{"rendered":"25 Momme Maschera per gli occhi in seta di gelso a doppio strato"},"content":{"rendered":"<p>Questa maschera per il sonno imbottita \u00e8 realizzata in seta a doppio strato 25 momme in tonalit\u00e0 blush. \u00c8 dotata di bordini, di una mano liscia e di un drappeggio confortevole per i programmi di benessere. Lo stile supporta le taglie One Size e si adatta bene all'abbigliamento primaverile, ai regali e al comfort quotidiano. Lavare a mano o a macchia fredda.<\/p>","protected":false},"excerpt":{"rendered":"<p>25 Momme Maschera per il sonno imbottita in seta a doppio strato in colore Blush. Finitura a piping, sensazione di morbidezza al tatto e taglia unica. Progettata per i programmi termali.<\/p>","protected":false},"featured_media":2160,"template":"","meta":{"_gspb_post_css":""},"product_brand":[],"product_cat":[37],"product_tag":[419,420,421],"class_list":{"0":"post-704","1":"product","2":"type-product","3":"status-publish","4":"has-post-thumbnail","6":"product_cat-silk-eye-masks","7":"product_tag-25-momme-silk-eye-mask-blush","8":"product_tag-double-layer-silk-eye-mask-piped","9":"product_tag-supplier-silk-eye-mask-for-spa-programs","11":"first","12":"instock","13":"shipping-taxable","14":"purchasable","15":"product-type-simple"},"_links":{"self":[{"href":"https:\/\/silk-pajamas.com\/it\/wp-json\/wp\/v2\/product\/704","targetHints":{"allow":["GET"]}}],"collection":[{"href":"https:\/\/silk-pajamas.com\/it\/wp-json\/wp\/v2\/product"}],"about":[{"href":"https:\/\/silk-pajamas.com\/it\/wp-json\/wp\/v2\/types\/product"}],"wp:featuredmedia":[{"embeddable":true,"href":"https:\/\/silk-pajamas.com\/it\/wp-json\/wp\/v2\/media\/2160"}],"wp:attachment":[{"href":"https:\/\/silk-pajamas.com\/it\/wp-json\/wp\/v2\/media?parent=704"}],"wp:term":[{"taxonomy":"product_brand","embeddable":true,"href":"https:\/\/silk-pajamas.com\/it\/wp-json\/wp\/v2\/product_brand?post=704"},{"taxonomy":"product_cat","embeddable":true,"href":"https:\/\/silk-pajamas.com\/it\/wp-json\/wp\/v2\/product_cat?post=704"},{"taxonomy":"product_tag","embeddable":true,"href":"https:\/\/silk-pajamas.com\/it\/wp-json\/wp\/v2\/product_tag?post=704"}],"curies":[{"name":"wp","href":"https:\/\/api.w.org\/{rel}","templated":true}]}}