{"id":715,"date":"2026-04-12T15:43:22","date_gmt":"2026-04-12T15:43:22","guid":{"rendered":"https:\/\/silk-pajamas.com\/22-momme-mulberry-silk-eye-mask-piped-sky-blue-factory\/"},"modified":"2026-05-08T06:53:25","modified_gmt":"2026-05-08T06:53:25","slug":"22-momme-mulberry-silk-eye-mask-piped-sky-blue-factory","status":"publish","type":"product","link":"https:\/\/silk-pajamas.com\/it\/22-momme-mulberry-silk-eye-mask-piped-sky-blue-factory\/","title":{"rendered":"22 Momme Maschera per gli occhi in seta di gelso, con piping in azzurro, fabbrica"},"content":{"rendered":"<p>Questa maschera per il sonno imbottita \u00e8 realizzata in seta di gelso 22 momme in una tonalit\u00e0 blu cielo. \u00c8 caratterizzata da bordature, una mano liscia e un drappeggio confortevole per i programmi di benessere. Lo stile supporta le taglie One Size e funziona bene per l'abbigliamento autunnale, per i regali e per il comfort quotidiano. Lavare a mano o a macchia fredda.<\/p>","protected":false},"excerpt":{"rendered":"<p>22 Momme Maschera per il sonno imbottita in seta Mulberry di colore blu cielo. Finitura a piping, sensazione di morbidezza al tatto e taglia unica. Progettata per i programmi termali.<\/p>","protected":false},"featured_media":2149,"template":"","meta":{"_gspb_post_css":""},"product_brand":[],"product_cat":[37],"product_tag":[440,441,439],"class_list":{"0":"post-715","1":"product","2":"type-product","3":"status-publish","4":"has-post-thumbnail","6":"product_cat-silk-eye-masks","7":"product_tag-22-momme-silk-eye-mask-sky-blue","8":"product_tag-mulberry-silk-eye-mask-piped","9":"product_tag-wholesale-silk-eye-mask-for-spa-programs","11":"first","12":"instock","13":"shipping-taxable","14":"purchasable","15":"product-type-simple"},"_links":{"self":[{"href":"https:\/\/silk-pajamas.com\/it\/wp-json\/wp\/v2\/product\/715","targetHints":{"allow":["GET"]}}],"collection":[{"href":"https:\/\/silk-pajamas.com\/it\/wp-json\/wp\/v2\/product"}],"about":[{"href":"https:\/\/silk-pajamas.com\/it\/wp-json\/wp\/v2\/types\/product"}],"wp:featuredmedia":[{"embeddable":true,"href":"https:\/\/silk-pajamas.com\/it\/wp-json\/wp\/v2\/media\/2149"}],"wp:attachment":[{"href":"https:\/\/silk-pajamas.com\/it\/wp-json\/wp\/v2\/media?parent=715"}],"wp:term":[{"taxonomy":"product_brand","embeddable":true,"href":"https:\/\/silk-pajamas.com\/it\/wp-json\/wp\/v2\/product_brand?post=715"},{"taxonomy":"product_cat","embeddable":true,"href":"https:\/\/silk-pajamas.com\/it\/wp-json\/wp\/v2\/product_cat?post=715"},{"taxonomy":"product_tag","embeddable":true,"href":"https:\/\/silk-pajamas.com\/it\/wp-json\/wp\/v2\/product_tag?post=715"}],"curies":[{"name":"wp","href":"https:\/\/api.w.org\/{rel}","templated":true}]}}