{"id":716,"date":"2026-04-12T15:43:22","date_gmt":"2026-04-12T15:43:22","guid":{"rendered":"https:\/\/silk-pajamas.com\/19-momme-mulberry-silk-hair-towel-wrap-long-hair-sky-blue\/"},"modified":"2026-05-08T06:53:58","modified_gmt":"2026-05-08T06:53:58","slug":"19-momme-mulberry-silk-hair-towel-wrap-long-hair-sky-blue","status":"publish","type":"product","link":"https:\/\/silk-pajamas.com\/it\/19-momme-mulberry-silk-hair-towel-wrap-long-hair-sky-blue\/","title":{"rendered":"19 Momme Asciugamano in seta di gelso per capelli lunghi blu cielo"},"content":{"rendered":"<p>Questo asciugamano per capelli \u00e8 realizzato in seta di gelso 19 momme in una tonalit\u00e0 blu cielo. \u00c8 caratterizzato da un pelo lungo, una mano liscia e un drappeggio confortevole per la cura quotidiana dei capelli. Lo stile supporta le taglie One Size e si adatta bene all'abbigliamento estivo, ai regali e al comfort quotidiano. Lavare a mano a freddo e asciugare in lavatrice.<\/p>","protected":false},"excerpt":{"rendered":"<p>19 Asciugamano per capelli in seta Mulberry di Momme, colore blu cielo. Finitura a pelo lungo, sensazione di termoregolazione e taglia unica. Ideato per la cura quotidiana dei capelli.<\/p>","protected":false},"featured_media":2086,"template":"","meta":{"_gspb_post_css":""},"product_brand":[],"product_cat":[38],"product_tag":[442,444,443],"class_list":{"0":"post-716","1":"product","2":"type-product","3":"status-publish","4":"has-post-thumbnail","6":"product_cat-silk-hair-towel-wrap","7":"product_tag-19-momme-silk-hair-towel-wrap-sky-blue","8":"product_tag-manufacturer-silk-hair-towel-wrap-for-daily-hair-care","9":"product_tag-mulberry-silk-hair-towel-wrap-long-hair","11":"first","12":"instock","13":"featured","14":"shipping-taxable","15":"purchasable","16":"product-type-simple"},"_links":{"self":[{"href":"https:\/\/silk-pajamas.com\/it\/wp-json\/wp\/v2\/product\/716","targetHints":{"allow":["GET"]}}],"collection":[{"href":"https:\/\/silk-pajamas.com\/it\/wp-json\/wp\/v2\/product"}],"about":[{"href":"https:\/\/silk-pajamas.com\/it\/wp-json\/wp\/v2\/types\/product"}],"wp:featuredmedia":[{"embeddable":true,"href":"https:\/\/silk-pajamas.com\/it\/wp-json\/wp\/v2\/media\/2086"}],"wp:attachment":[{"href":"https:\/\/silk-pajamas.com\/it\/wp-json\/wp\/v2\/media?parent=716"}],"wp:term":[{"taxonomy":"product_brand","embeddable":true,"href":"https:\/\/silk-pajamas.com\/it\/wp-json\/wp\/v2\/product_brand?post=716"},{"taxonomy":"product_cat","embeddable":true,"href":"https:\/\/silk-pajamas.com\/it\/wp-json\/wp\/v2\/product_cat?post=716"},{"taxonomy":"product_tag","embeddable":true,"href":"https:\/\/silk-pajamas.com\/it\/wp-json\/wp\/v2\/product_tag?post=716"}],"curies":[{"name":"wp","href":"https:\/\/api.w.org\/{rel}","templated":true}]}}