{"id":720,"date":"2026-04-12T15:43:22","date_gmt":"2026-04-12T15:43:22","guid":{"rendered":"https:\/\/silk-pajamas.com\/25-momme-double-layer-silk-hair-wrap-double-layer-lilac\/"},"modified":"2026-05-08T06:56:09","modified_gmt":"2026-05-08T06:56:09","slug":"25-momme-double-layer-silk-hair-wrap-double-layer-lilac","status":"publish","type":"product","link":"https:\/\/silk-pajamas.com\/it\/25-momme-double-layer-silk-hair-wrap-double-layer-lilac\/","title":{"rendered":"25 Momme Impacco per capelli in seta a doppio strato Lilla"},"content":{"rendered":"<p>Questo asciugamano per capelli \u00e8 realizzato in seta a doppio strato da 25 momme in tonalit\u00e0 lilla. \u00c8 caratterizzato da un doppio strato, una mano liscia e un drappeggio confortevole per la cura quotidiana dei capelli. Il modello supporta le taglie One Size e si adatta bene all'abbigliamento primaverile, ai regali e al comfort quotidiano. Lavare a mano a freddo e asciugare in lavatrice.<\/p>","protected":false},"excerpt":{"rendered":"<p>25 Momme Asciugamano per capelli in seta a doppio strato in colore lilla. Finitura a doppio strato, sensazione di resistenza alle pieghe e taglia unica. Ideato per la cura quotidiana dei capelli.<\/p>","protected":false},"featured_media":2110,"template":"","meta":{"_gspb_post_css":""},"product_brand":[],"product_cat":[38],"product_tag":[454,455,456],"class_list":{"0":"post-720","1":"product","2":"type-product","3":"status-publish","4":"has-post-thumbnail","6":"product_cat-silk-hair-towel-wrap","7":"product_tag-25-momme-silk-hair-towel-wrap-lilac","8":"product_tag-double-layer-silk-hair-towel-wrap-double-layer","9":"product_tag-vendor-silk-hair-towel-wrap-for-daily-hair-care","11":"first","12":"instock","13":"shipping-taxable","14":"purchasable","15":"product-type-simple"},"_links":{"self":[{"href":"https:\/\/silk-pajamas.com\/it\/wp-json\/wp\/v2\/product\/720","targetHints":{"allow":["GET"]}}],"collection":[{"href":"https:\/\/silk-pajamas.com\/it\/wp-json\/wp\/v2\/product"}],"about":[{"href":"https:\/\/silk-pajamas.com\/it\/wp-json\/wp\/v2\/types\/product"}],"wp:featuredmedia":[{"embeddable":true,"href":"https:\/\/silk-pajamas.com\/it\/wp-json\/wp\/v2\/media\/2110"}],"wp:attachment":[{"href":"https:\/\/silk-pajamas.com\/it\/wp-json\/wp\/v2\/media?parent=720"}],"wp:term":[{"taxonomy":"product_brand","embeddable":true,"href":"https:\/\/silk-pajamas.com\/it\/wp-json\/wp\/v2\/product_brand?post=720"},{"taxonomy":"product_cat","embeddable":true,"href":"https:\/\/silk-pajamas.com\/it\/wp-json\/wp\/v2\/product_cat?post=720"},{"taxonomy":"product_tag","embeddable":true,"href":"https:\/\/silk-pajamas.com\/it\/wp-json\/wp\/v2\/product_tag?post=720"}],"curies":[{"name":"wp","href":"https:\/\/api.w.org\/{rel}","templated":true}]}}