{"id":721,"date":"2026-04-12T15:43:22","date_gmt":"2026-04-12T15:43:22","guid":{"rendered":"https:\/\/silk-pajamas.com\/25-momme-double-layer-silk-hair-wrap-quick-dry-navy-supplier\/"},"modified":"2026-05-08T06:56:33","modified_gmt":"2026-05-08T06:56:33","slug":"25-momme-double-layer-silk-hair-wrap-quick-dry-navy-supplier","status":"publish","type":"product","link":"https:\/\/silk-pajamas.com\/it\/25-momme-double-layer-silk-hair-wrap-quick-dry-navy-supplier\/","title":{"rendered":"25 Momme Impacco per capelli in seta a doppio strato ad asciugatura rapida Navy Supplier"},"content":{"rendered":"<p>Questo asciugamano per capelli \u00e8 realizzato in seta a doppio strato da 25 momme in tonalit\u00e0 navy. \u00c8 caratterizzato da un'asciugatura rapida, una mano liscia e un drappeggio confortevole per la cura dei capelli ricci. Il modello supporta le taglie One Size e si adatta bene all'abbigliamento estivo, ai regali e al comfort quotidiano. Lavare a mano a freddo e asciugare in lavatrice.<\/p>","protected":false},"excerpt":{"rendered":"<p>25 Momme Asciugamano per capelli in seta a doppio strato nel colore navy. Finitura Quick Dry, sensazione di termoregolazione e taglia unica. Ideato per la cura dei capelli ricci.<\/p>","protected":false},"featured_media":2134,"template":"","meta":{"_gspb_post_css":""},"product_brand":[],"product_cat":[38],"product_tag":[457,452,458],"class_list":{"0":"post-721","1":"product","2":"type-product","3":"status-publish","4":"has-post-thumbnail","6":"product_cat-silk-hair-towel-wrap","7":"product_tag-25-momme-silk-hair-towel-wrap-navy","8":"product_tag-double-layer-silk-hair-towel-wrap-quick-dry","9":"product_tag-vendor-silk-hair-towel-wrap-for-curly-hair-care","11":"first","12":"instock","13":"featured","14":"shipping-taxable","15":"purchasable","16":"product-type-simple"},"_links":{"self":[{"href":"https:\/\/silk-pajamas.com\/it\/wp-json\/wp\/v2\/product\/721","targetHints":{"allow":["GET"]}}],"collection":[{"href":"https:\/\/silk-pajamas.com\/it\/wp-json\/wp\/v2\/product"}],"about":[{"href":"https:\/\/silk-pajamas.com\/it\/wp-json\/wp\/v2\/types\/product"}],"wp:featuredmedia":[{"embeddable":true,"href":"https:\/\/silk-pajamas.com\/it\/wp-json\/wp\/v2\/media\/2134"}],"wp:attachment":[{"href":"https:\/\/silk-pajamas.com\/it\/wp-json\/wp\/v2\/media?parent=721"}],"wp:term":[{"taxonomy":"product_brand","embeddable":true,"href":"https:\/\/silk-pajamas.com\/it\/wp-json\/wp\/v2\/product_brand?post=721"},{"taxonomy":"product_cat","embeddable":true,"href":"https:\/\/silk-pajamas.com\/it\/wp-json\/wp\/v2\/product_cat?post=721"},{"taxonomy":"product_tag","embeddable":true,"href":"https:\/\/silk-pajamas.com\/it\/wp-json\/wp\/v2\/product_tag?post=721"}],"curies":[{"name":"wp","href":"https:\/\/api.w.org\/{rel}","templated":true}]}}