{"id":723,"date":"2026-04-12T15:43:22","date_gmt":"2026-04-12T15:43:22","guid":{"rendered":"https:\/\/silk-pajamas.com\/25-momme-soft-shine-silk-hair-towel-wrap-turban-floral\/"},"modified":"2026-05-08T06:59:03","modified_gmt":"2026-05-08T06:59:03","slug":"25-momme-soft-shine-silk-hair-towel-wrap-turban-floral","status":"publish","type":"product","link":"https:\/\/silk-pajamas.com\/it\/25-momme-soft-shine-silk-hair-towel-wrap-turban-floral\/","title":{"rendered":"25 Momme Asciugamano per capelli in seta morbida e lucida, avvolgente e floreale"},"content":{"rendered":"<p>Questo asciugamano per capelli \u00e8 realizzato in seta 25 momme soft shine in una tonalit\u00e0 floreale. \u00c8 caratterizzato da un turbante, una mano liscia e un drappeggio confortevole per la cura dei capelli ricci. Lo stile supporta le taglie One Size e funziona bene per l'abbigliamento autunnale, per i regali e per il comfort quotidiano. Lavare a mano a freddo e asciugare in lavatrice.<\/p>","protected":false},"excerpt":{"rendered":"<p>25 Momme Soft Shine, asciugamano per capelli in seta floreale. Finitura a turbante, sensazione di termoregolazione e taglia unica. Progettato per la cura dei capelli ricci.<\/p>","protected":false},"featured_media":2156,"template":"","meta":{"_gspb_post_css":""},"product_brand":[],"product_cat":[38],"product_tag":[462,464,463],"class_list":{"0":"post-723","1":"product","2":"type-product","3":"status-publish","4":"has-post-thumbnail","6":"product_cat-silk-hair-towel-wrap","7":"product_tag-25-momme-silk-hair-towel-wrap-floral","8":"product_tag-factory-silk-hair-towel-wrap-for-curly-hair-care","9":"product_tag-soft-shine-silk-hair-towel-wrap-turban","11":"first","12":"instock","13":"shipping-taxable","14":"purchasable","15":"product-type-simple"},"_links":{"self":[{"href":"https:\/\/silk-pajamas.com\/it\/wp-json\/wp\/v2\/product\/723","targetHints":{"allow":["GET"]}}],"collection":[{"href":"https:\/\/silk-pajamas.com\/it\/wp-json\/wp\/v2\/product"}],"about":[{"href":"https:\/\/silk-pajamas.com\/it\/wp-json\/wp\/v2\/types\/product"}],"wp:featuredmedia":[{"embeddable":true,"href":"https:\/\/silk-pajamas.com\/it\/wp-json\/wp\/v2\/media\/2156"}],"wp:attachment":[{"href":"https:\/\/silk-pajamas.com\/it\/wp-json\/wp\/v2\/media?parent=723"}],"wp:term":[{"taxonomy":"product_brand","embeddable":true,"href":"https:\/\/silk-pajamas.com\/it\/wp-json\/wp\/v2\/product_brand?post=723"},{"taxonomy":"product_cat","embeddable":true,"href":"https:\/\/silk-pajamas.com\/it\/wp-json\/wp\/v2\/product_cat?post=723"},{"taxonomy":"product_tag","embeddable":true,"href":"https:\/\/silk-pajamas.com\/it\/wp-json\/wp\/v2\/product_tag?post=723"}],"curies":[{"name":"wp","href":"https:\/\/api.w.org\/{rel}","templated":true}]}}