{"id":729,"date":"2026-04-12T15:43:23","date_gmt":"2026-04-12T15:43:23","guid":{"rendered":"https:\/\/silk-pajamas.com\/22-momme-soft-shine-silk-hair-wrap-quick-dry-sky-blue\/"},"modified":"2026-05-08T06:26:45","modified_gmt":"2026-05-08T06:26:45","slug":"22-momme-soft-shine-silk-hair-wrap-quick-dry-sky-blue","status":"publish","type":"product","link":"https:\/\/silk-pajamas.com\/it\/22-momme-soft-shine-silk-hair-wrap-quick-dry-sky-blue\/","title":{"rendered":"22 Momme Impacco per capelli in seta ad asciugatura rapida Blu cielo"},"content":{"rendered":"<p>Questo asciugamano per capelli \u00e8 realizzato in seta 22 momme soft shine in tonalit\u00e0 blu cielo. \u00c8 caratterizzato da un'asciugatura rapida, una mano liscia e un drappeggio confortevole per la cura quotidiana dei capelli. Lo stile supporta le taglie One Size e si presta a essere indossato in tutte le stagioni, regalato e indossato quotidianamente. Lavare a mano a freddo e asciugare in lavatrice.<\/p>","protected":false},"excerpt":{"rendered":"<p>22 Momme Soft Shine, asciugamano per capelli in seta blu cielo. Finitura Quick Dry, sensazione di traspirazione e taglia unica. Progettato per la cura quotidiana dei capelli.<\/p>","protected":false},"featured_media":2085,"template":"","meta":{"_gspb_post_css":""},"product_brand":[],"product_cat":[38],"product_tag":[474,475,476],"class_list":{"0":"post-729","1":"product","2":"type-product","3":"status-publish","4":"has-post-thumbnail","6":"product_cat-silk-hair-towel-wrap","7":"product_tag-22-momme-silk-hair-towel-wrap-sky-blue","8":"product_tag-soft-shine-silk-hair-towel-wrap-quick-dry","9":"product_tag-supplier-silk-hair-towel-wrap-for-daily-hair-care","11":"first","12":"instock","13":"shipping-taxable","14":"purchasable","15":"product-type-simple"},"_links":{"self":[{"href":"https:\/\/silk-pajamas.com\/it\/wp-json\/wp\/v2\/product\/729","targetHints":{"allow":["GET"]}}],"collection":[{"href":"https:\/\/silk-pajamas.com\/it\/wp-json\/wp\/v2\/product"}],"about":[{"href":"https:\/\/silk-pajamas.com\/it\/wp-json\/wp\/v2\/types\/product"}],"wp:featuredmedia":[{"embeddable":true,"href":"https:\/\/silk-pajamas.com\/it\/wp-json\/wp\/v2\/media\/2085"}],"wp:attachment":[{"href":"https:\/\/silk-pajamas.com\/it\/wp-json\/wp\/v2\/media?parent=729"}],"wp:term":[{"taxonomy":"product_brand","embeddable":true,"href":"https:\/\/silk-pajamas.com\/it\/wp-json\/wp\/v2\/product_brand?post=729"},{"taxonomy":"product_cat","embeddable":true,"href":"https:\/\/silk-pajamas.com\/it\/wp-json\/wp\/v2\/product_cat?post=729"},{"taxonomy":"product_tag","embeddable":true,"href":"https:\/\/silk-pajamas.com\/it\/wp-json\/wp\/v2\/product_tag?post=729"}],"curies":[{"name":"wp","href":"https:\/\/api.w.org\/{rel}","templated":true}]}}